{"id":101496,"date":"2021-11-16T14:09:53","date_gmt":"2021-11-16T14:09:53","guid":{"rendered":"https:\/\/homesofengland.com\/home-2\/"},"modified":"2024-01-06T10:06:16","modified_gmt":"2024-01-06T10:06:16","slug":"home-2","status":"publish","type":"page","link":"https:\/\/homesofengland.com\/fr\/","title":{"rendered":"Accueil"},"content":{"rendered":"<p>[et_pb_section fb_built=\u00a0\u00bb1&Prime; custom_padding_last_edited=\u00a0\u00bbon|phone\u00a0\u00bb admin_label=\u00a0\u00bbHero\u00a0\u00bb _builder_version=\u00a0\u00bb4.19.1&Prime; use_background_color_gradient=\u00a0\u00bbon\u00a0\u00bb background_color_gradient_stops=\u00a0\u00bb#ffffff 0%|rgba(0,0,0,0) 70%\u00a0\u00bb background_color_gradient_overlays_image=\u00a0\u00bbon\u00a0\u00bb background_color_gradient_start=\u00a0\u00bbrgba(0,0,0,0.5)\u00a0\u00bb background_color_gradient_end=\u00a0\u00bbrgba(0,0,0,0)\u00a0\u00bb background_image=\u00a0\u00bbhttps:\/\/homesofengland.com\/wp-content\/uploads\/2022\/11\/homepage-homes-of-england.jpg\u00a0\u00bb custom_margin=\u00a0\u00bb|||\u00a0\u00bb custom_padding=\u00a0\u00bb||35%||false|false\u00a0\u00bb custom_padding_tablet=\u00a0\u00bb||30%||false|false\u00a0\u00bb custom_padding_phone=\u00a0\u00bb||30%||false|false\u00a0\u00bb bottom_divider_color=\u00a0\u00bb#ffffff\u00a0\u00bb bottom_divider_flip=\u00a0\u00bbhorizontal\u00a0\u00bb animation_direction=\u00a0\u00bbtop\u00a0\u00bb global_colors_info=\u00a0\u00bb{}\u00a0\u00bb][et_pb_row column_structure=\u00a0\u00bb1_2,1_2&Prime; _builder_version=\u00a0\u00bb4.19.1&Prime; background_enable_color=\u00a0\u00bboff\u00a0\u00bb background_size=\u00a0\u00bbinitial\u00a0\u00bb background_position=\u00a0\u00bbtop_left\u00a0\u00bb background_repeat=\u00a0\u00bbrepeat\u00a0\u00bb width_tablet=\u00a0\u00bb\u00a0\u00bb width_phone=\u00a0\u00bb\u00a0\u00bb width_last_edited=\u00a0\u00bbon|desktop\u00a0\u00bb custom_margin_tablet=\u00a0\u00bb||||false|false\u00a0\u00bb custom_margin_phone=\u00a0\u00bb||||false|false\u00a0\u00bb custom_margin_last_edited=\u00a0\u00bbon|desktop\u00a0\u00bb custom_padding=\u00a0\u00bb||||false|false\u00a0\u00bb global_colors_info=\u00a0\u00bb{}\u00a0\u00bb][et_pb_column type=\u00a0\u00bb1_2&Prime; _builder_version=\u00a0\u00bb4.19.1&Prime; background_color=\u00a0\u00bbrgba(255,255,255,0.8)\u00a0\u00bb custom_padding=\u00a0\u00bb|||\u00a0\u00bb global_colors_info=\u00a0\u00bb{}\u00a0\u00bb custom_padding__hover=\u00a0\u00bb|||\u00a0\u00bb][et_pb_text _builder_version=\u00a0\u00bb4.19.1&Prime; text_font=\u00a0\u00bb|600|||||||\u00a0\u00bb text_text_color=\u00a0\u00bb#2D3258&Prime; text_font_size=\u00a0\u00bb16px\u00a0\u00bb header_font=\u00a0\u00bbTimes New Roman|700|||||||\u00a0\u00bb header_text_color=\u00a0\u00bb#2D3258&Prime; header_font_size=\u00a0\u00bb34px\u00a0\u00bb header_letter_spacing=\u00a0\u00bb-1px\u00a0\u00bb header_line_height=\u00a0\u00bb1.1em\u00a0\u00bb background_enable_color=\u00a0\u00bboff\u00a0\u00bb background_layout=\u00a0\u00bbdark\u00a0\u00bb custom_margin=\u00a0\u00bb|1em|||false|false\u00a0\u00bb custom_margin_tablet=\u00a0\u00bb|1em|||false|false\u00a0\u00bb custom_margin_phone=\u00a0\u00bb|1em|||false|false\u00a0\u00bb custom_margin_last_edited=\u00a0\u00bbon|tablet\u00a0\u00bb custom_padding=\u00a0\u00bb7%|5%||5%|false|true\u00a0\u00bb animation_direction=\u00a0\u00bbleft\u00a0\u00bb text_font_size_tablet=\u00a0\u00bb18px\u00a0\u00bb text_font_size_phone=\u00a0\u00bb17px\u00a0\u00bb text_font_size_last_edited=\u00a0\u00bbon|desktop\u00a0\u00bb header_text_color_tablet=\u00a0\u00bb#2D3258&Prime; header_text_color_phone=\u00a0\u00bb#2D3258&Prime; header_text_color_last_edited=\u00a0\u00bbon|desktop\u00a0\u00bb header_font_size_tablet=\u00a0\u00bb28px\u00a0\u00bb header_font_size_phone=\u00a0\u00bb26px\u00a0\u00bb header_font_size_last_edited=\u00a0\u00bbon|desktop\u00a0\u00bb header_letter_spacing_tablet=\u00a0\u00bb-1px\u00a0\u00bb header_letter_spacing_phone=\u00a0\u00bb-1px\u00a0\u00bb header_letter_spacing_last_edited=\u00a0\u00bbon|phone\u00a0\u00bb border_radii=\u00a0\u00bbon|5px|5px|5px|5px\u00a0\u00bb border_color_top=\u00a0\u00bb#1488CA\u00a0\u00bb border_color_bottom=\u00a0\u00bb#1488CA\u00a0\u00bb global_colors_info=\u00a0\u00bb{}\u00a0\u00bb]<\/p>\n<h1>Diversifiez une partie de votre Patrimoine hors de l&rsquo;euro avec <span style=\"color: #ca7f0e;\">Homes of England<\/span><\/h1>\n<p>[\/et_pb_text][et_pb_text _builder_version=\u00a0\u00bb4.19.1&Prime; text_font=\u00a0\u00bb|600|||||||\u00a0\u00bb text_text_color=\u00a0\u00bb#2D3258&Prime; text_font_size=\u00a0\u00bb16px\u00a0\u00bb text_line_height=\u00a0\u00bb1.5em\u00a0\u00bb header_font=\u00a0\u00bbTimes New Roman|700|||||||\u00a0\u00bb header_text_color=\u00a0\u00bb#2D3258&Prime; header_font_size=\u00a0\u00bb38px\u00a0\u00bb header_letter_spacing=\u00a0\u00bb-0.07em\u00a0\u00bb header_line_height=\u00a0\u00bb1.1em\u00a0\u00bb background_enable_color=\u00a0\u00bboff\u00a0\u00bb background_layout=\u00a0\u00bbdark\u00a0\u00bb custom_margin=\u00a0\u00bb-3%|1em|||false|false\u00a0\u00bb custom_margin_tablet=\u00a0\u00bb|1em|||false|false\u00a0\u00bb custom_margin_phone=\u00a0\u00bb|1em|||false|false\u00a0\u00bb custom_margin_last_edited=\u00a0\u00bbon|tablet\u00a0\u00bb custom_padding=\u00a0\u00bb|5%|7%|5%|false|true\u00a0\u00bb animation_direction=\u00a0\u00bbleft\u00a0\u00bb text_font_size_tablet=\u00a0\u00bb16px\u00a0\u00bb text_font_size_phone=\u00a0\u00bb16px\u00a0\u00bb text_font_size_last_edited=\u00a0\u00bbon|phone\u00a0\u00bb header_text_color_tablet=\u00a0\u00bb#2D3258&Prime; header_text_color_phone=\u00a0\u00bb#2D3258&Prime; header_text_color_last_edited=\u00a0\u00bbon|desktop\u00a0\u00bb header_font_size_tablet=\u00a0\u00bb30px\u00a0\u00bb header_font_size_phone=\u00a0\u00bb26px\u00a0\u00bb header_font_size_last_edited=\u00a0\u00bbon|desktop\u00a0\u00bb header_letter_spacing_tablet=\u00a0\u00bb-0.07em\u00a0\u00bb header_letter_spacing_phone=\u00a0\u00bb-0.07em\u00a0\u00bb header_letter_spacing_last_edited=\u00a0\u00bbon|tablet\u00a0\u00bb border_radii=\u00a0\u00bbon|5px|5px|5px|5px\u00a0\u00bb border_color_top=\u00a0\u00bb#1488CA\u00a0\u00bb border_color_bottom=\u00a0\u00bb#1488CA\u00a0\u00bb global_colors_info=\u00a0\u00bb{}\u00a0\u00bb]<\/p>\n<p>Homes of England poss\u00e8de un portefeuille immobilier au Royaume-Uni, constitu\u00e9 en majorit\u00e9 d&rsquo;appartements r\u00e9sidentiels rapidement accessibles depuis Londres.<\/p>\n<p>[\/et_pb_text][\/et_pb_column][et_pb_column type=\u00a0\u00bb1_2&Prime; _builder_version=\u00a0\u00bb4.19.1&Prime; custom_padding=\u00a0\u00bb|||\u00a0\u00bb global_colors_info=\u00a0\u00bb{}\u00a0\u00bb custom_padding__hover=\u00a0\u00bb|||\u00a0\u00bb][\/et_pb_column][\/et_pb_row][\/et_pb_section]<\/p>\n","protected":false},"excerpt":{"rendered":"<p>Diversifiez une partie de votre Patrimoine hors de l&rsquo;euro avec Homes of EnglandHomes of England poss\u00e8de un portefeuille immobilier au Royaume-Uni, constitu\u00e9 en majorit\u00e9 d&rsquo;appartements r\u00e9sidentiels rapidement accessibles depuis Londres.<\/p>\n","protected":false},"author":1,"featured_media":0,"parent":0,"menu_order":0,"comment_status":"closed","ping_status":"closed","template":"","meta":{"_et_pb_use_builder":"on","_et_pb_old_content":"<!-- wp:paragraph -->\r\n<p>This is an example page. It's different from a blog post because it will stay in one place and will show up in your site navigation (in most themes). Most people start with an About page that introduces them to potential site visitors. It might say something like this:<\/p>\r\n<!-- \/wp:paragraph -->\r\n\r\n<!-- wp:quote -->\r\n<blockquote class=\"wp-block-quote\"><p>Hi there! I'm a bike messenger by day, aspiring actor by night, and this is my website. I live in Los Angeles, have a great dog named Jack, and I like pi\u00f1a coladas. (And gettin' caught in the rain.)<\/p><\/blockquote>\r\n<!-- \/wp:quote -->\r\n\r\n<!-- wp:paragraph -->\r\n<p>...or something like this:<\/p>\r\n<!-- \/wp:paragraph -->\r\n\r\n<!-- wp:quote -->\r\n<blockquote class=\"wp-block-quote\"><p>The XYZ Doohickey Company was founded in 1971, and has been providing quality doohickeys to the public ever since. Located in Gotham City, XYZ employs over 2,000 people and does all kinds of awesome things for the Gotham community.<\/p><\/blockquote>\r\n<!-- \/wp:quote -->\r\n\r\n<!-- wp:paragraph -->\r\n<p>As a new WordPress user, you should go to <a href=\"https:\/\/diviplus.io\/child-themes\/builder\/wp-admin\/\">your dashboard<\/a> to delete this page and create new pages for your content. Have fun!<\/p>\r\n<!-- \/wp:paragraph -->","_et_gb_content_width":"","footnotes":""},"class_list":["post-101496","page","type-page","status-publish","hentry"],"yoast_head":"<!-- This site is optimized with the Yoast SEO plugin v27.4 - https:\/\/yoast.com\/product\/yoast-seo-wordpress\/ -->\n<title>Accueil - Homes of England<\/title>\n<meta name=\"description\" content=\"Diversifiez une partie de votre Patrimoine hors de l\u2019euro avec Homes of England qui poss\u00e8de un portefeuille immobilier au Royaume-Uni.\" \/>\n<meta name=\"robots\" content=\"index, follow, max-snippet:-1, max-image-preview:large, max-video-preview:-1\" \/>\n<link rel=\"canonical\" href=\"https:\/\/homesofengland.com\/fr\/\" \/>\n<meta property=\"og:locale\" content=\"fr_FR\" \/>\n<meta property=\"og:type\" content=\"article\" \/>\n<meta property=\"og:title\" content=\"Accueil - Homes of England\" \/>\n<meta property=\"og:description\" content=\"Diversifiez une partie de votre Patrimoine hors de l\u2019euro avec Homes of England qui poss\u00e8de un portefeuille immobilier au Royaume-Uni.\" \/>\n<meta property=\"og:url\" content=\"https:\/\/homesofengland.com\/fr\/\" \/>\n<meta property=\"og:site_name\" content=\"Homes of England\" \/>\n<meta property=\"article:modified_time\" content=\"2024-01-06T10:06:16+00:00\" \/>\n<meta name=\"twitter:card\" content=\"summary_large_image\" \/>\n<meta name=\"twitter:label1\" content=\"Dur\u00e9e de lecture estim\u00e9e\" \/>\n\t<meta name=\"twitter:data1\" content=\"3 minutes\" \/>\n<script type=\"application\/ld+json\" class=\"yoast-schema-graph\">{\"@context\":\"https:\\\/\\\/schema.org\",\"@graph\":[{\"@type\":\"WebPage\",\"@id\":\"https:\\\/\\\/homesofengland.com\\\/fr\\\/\",\"url\":\"https:\\\/\\\/homesofengland.com\\\/fr\\\/\",\"name\":\"Accueil - Homes of England\",\"isPartOf\":{\"@id\":\"https:\\\/\\\/homesofengland.com\\\/#website\"},\"datePublished\":\"2021-11-16T14:09:53+00:00\",\"dateModified\":\"2024-01-06T10:06:16+00:00\",\"description\":\"Diversifiez une partie de votre Patrimoine hors de l\u2019euro avec Homes of England qui poss\u00e8de un portefeuille immobilier au Royaume-Uni.\",\"breadcrumb\":{\"@id\":\"https:\\\/\\\/homesofengland.com\\\/fr\\\/#breadcrumb\"},\"inLanguage\":\"fr-FR\",\"potentialAction\":[{\"@type\":\"ReadAction\",\"target\":[\"https:\\\/\\\/homesofengland.com\\\/fr\\\/\"]}]},{\"@type\":\"BreadcrumbList\",\"@id\":\"https:\\\/\\\/homesofengland.com\\\/fr\\\/#breadcrumb\",\"itemListElement\":[{\"@type\":\"ListItem\",\"position\":1,\"name\":\"Home\",\"item\":\"https:\\\/\\\/homesofengland.com\\\/fr\\\/\"},{\"@type\":\"ListItem\",\"position\":2,\"name\":\"Accueil\"}]},{\"@type\":\"WebSite\",\"@id\":\"https:\\\/\\\/homesofengland.com\\\/#website\",\"url\":\"https:\\\/\\\/homesofengland.com\\\/\",\"name\":\"Homes of England\",\"description\":\"Property Investment\",\"publisher\":{\"@id\":\"https:\\\/\\\/homesofengland.com\\\/#organization\"},\"potentialAction\":[{\"@type\":\"SearchAction\",\"target\":{\"@type\":\"EntryPoint\",\"urlTemplate\":\"https:\\\/\\\/homesofengland.com\\\/?s={search_term_string}\"},\"query-input\":{\"@type\":\"PropertyValueSpecification\",\"valueRequired\":true,\"valueName\":\"search_term_string\"}}],\"inLanguage\":\"fr-FR\"},{\"@type\":\"Organization\",\"@id\":\"https:\\\/\\\/homesofengland.com\\\/#organization\",\"name\":\"Homes of England\",\"url\":\"https:\\\/\\\/homesofengland.com\\\/\",\"logo\":{\"@type\":\"ImageObject\",\"inLanguage\":\"fr-FR\",\"@id\":\"https:\\\/\\\/homesofengland.com\\\/#\\\/schema\\\/logo\\\/image\\\/\",\"url\":\"https:\\\/\\\/homesofengland.com\\\/wp-content\\\/uploads\\\/2022\\\/11\\\/logo-homes-of-england.png\",\"contentUrl\":\"https:\\\/\\\/homesofengland.com\\\/wp-content\\\/uploads\\\/2022\\\/11\\\/logo-homes-of-england.png\",\"width\":139,\"height\":100,\"caption\":\"Homes of England\"},\"image\":{\"@id\":\"https:\\\/\\\/homesofengland.com\\\/#\\\/schema\\\/logo\\\/image\\\/\"}}]}<\/script>\n<!-- \/ Yoast SEO plugin. -->","yoast_head_json":{"title":"Accueil - Homes of England","description":"Diversifiez une partie de votre Patrimoine hors de l\u2019euro avec Homes of England qui poss\u00e8de un portefeuille immobilier au Royaume-Uni.","robots":{"index":"index","follow":"follow","max-snippet":"max-snippet:-1","max-image-preview":"max-image-preview:large","max-video-preview":"max-video-preview:-1"},"canonical":"https:\/\/homesofengland.com\/fr\/","og_locale":"fr_FR","og_type":"article","og_title":"Accueil - Homes of England","og_description":"Diversifiez une partie de votre Patrimoine hors de l\u2019euro avec Homes of England qui poss\u00e8de un portefeuille immobilier au Royaume-Uni.","og_url":"https:\/\/homesofengland.com\/fr\/","og_site_name":"Homes of England","article_modified_time":"2024-01-06T10:06:16+00:00","twitter_card":"summary_large_image","twitter_misc":{"Dur\u00e9e de lecture estim\u00e9e":"3 minutes"},"schema":{"@context":"https:\/\/schema.org","@graph":[{"@type":"WebPage","@id":"https:\/\/homesofengland.com\/fr\/","url":"https:\/\/homesofengland.com\/fr\/","name":"Accueil - Homes of England","isPartOf":{"@id":"https:\/\/homesofengland.com\/#website"},"datePublished":"2021-11-16T14:09:53+00:00","dateModified":"2024-01-06T10:06:16+00:00","description":"Diversifiez une partie de votre Patrimoine hors de l\u2019euro avec Homes of England qui poss\u00e8de un portefeuille immobilier au Royaume-Uni.","breadcrumb":{"@id":"https:\/\/homesofengland.com\/fr\/#breadcrumb"},"inLanguage":"fr-FR","potentialAction":[{"@type":"ReadAction","target":["https:\/\/homesofengland.com\/fr\/"]}]},{"@type":"BreadcrumbList","@id":"https:\/\/homesofengland.com\/fr\/#breadcrumb","itemListElement":[{"@type":"ListItem","position":1,"name":"Home","item":"https:\/\/homesofengland.com\/fr\/"},{"@type":"ListItem","position":2,"name":"Accueil"}]},{"@type":"WebSite","@id":"https:\/\/homesofengland.com\/#website","url":"https:\/\/homesofengland.com\/","name":"Homes of England","description":"Property Investment","publisher":{"@id":"https:\/\/homesofengland.com\/#organization"},"potentialAction":[{"@type":"SearchAction","target":{"@type":"EntryPoint","urlTemplate":"https:\/\/homesofengland.com\/?s={search_term_string}"},"query-input":{"@type":"PropertyValueSpecification","valueRequired":true,"valueName":"search_term_string"}}],"inLanguage":"fr-FR"},{"@type":"Organization","@id":"https:\/\/homesofengland.com\/#organization","name":"Homes of England","url":"https:\/\/homesofengland.com\/","logo":{"@type":"ImageObject","inLanguage":"fr-FR","@id":"https:\/\/homesofengland.com\/#\/schema\/logo\/image\/","url":"https:\/\/homesofengland.com\/wp-content\/uploads\/2022\/11\/logo-homes-of-england.png","contentUrl":"https:\/\/homesofengland.com\/wp-content\/uploads\/2022\/11\/logo-homes-of-england.png","width":139,"height":100,"caption":"Homes of England"},"image":{"@id":"https:\/\/homesofengland.com\/#\/schema\/logo\/image\/"}}]}},"_links":{"self":[{"href":"https:\/\/homesofengland.com\/fr\/wp-json\/wp\/v2\/pages\/101496","targetHints":{"allow":["GET"]}}],"collection":[{"href":"https:\/\/homesofengland.com\/fr\/wp-json\/wp\/v2\/pages"}],"about":[{"href":"https:\/\/homesofengland.com\/fr\/wp-json\/wp\/v2\/types\/page"}],"author":[{"embeddable":true,"href":"https:\/\/homesofengland.com\/fr\/wp-json\/wp\/v2\/users\/1"}],"replies":[{"embeddable":true,"href":"https:\/\/homesofengland.com\/fr\/wp-json\/wp\/v2\/comments?post=101496"}],"version-history":[{"count":0,"href":"https:\/\/homesofengland.com\/fr\/wp-json\/wp\/v2\/pages\/101496\/revisions"}],"wp:attachment":[{"href":"https:\/\/homesofengland.com\/fr\/wp-json\/wp\/v2\/media?parent=101496"}],"curies":[{"name":"wp","href":"https:\/\/api.w.org\/{rel}","templated":true}]}}