{"id":101488,"date":"2022-11-15T13:32:45","date_gmt":"2022-11-15T13:32:45","guid":{"rendered":"https:\/\/homesofengland.com\/privacy-policy\/"},"modified":"2022-11-27T16:53:15","modified_gmt":"2022-11-27T16:53:15","slug":"politique-de-confidentialite","status":"publish","type":"page","link":"https:\/\/homesofengland.com\/fr\/politique-de-confidentialite\/","title":{"rendered":"Politique de confidentialit\u00e9"},"content":{"rendered":"<p>[et_pb_section fb_built=\u00a0\u00bb1&Prime; _builder_version=\u00a0\u00bb4.19.0&Prime; _module_preset=\u00a0\u00bbdefault\u00a0\u00bb custom_padding=\u00a0\u00bb||8%||false|false\u00a0\u00bb global_colors_info=\u00a0\u00bb{}\u00a0\u00bb][et_pb_row _builder_version=\u00a0\u00bb4.19.1&Prime; _module_preset=\u00a0\u00bbdefault\u00a0\u00bb width=\u00a0\u00bb75%\u00a0\u00bb custom_margin=\u00a0\u00bb-3em||-1em||false|false\u00a0\u00bb custom_margin_tablet=\u00a0\u00bb-3em||-1em||false|false\u00a0\u00bb custom_margin_phone=\u00a0\u00bb-1em||||false|false\u00a0\u00bb custom_margin_last_edited=\u00a0\u00bbon|phone\u00a0\u00bb custom_padding=\u00a0\u00bb||||false|false\u00a0\u00bb global_colors_info=\u00a0\u00bb{}\u00a0\u00bb][et_pb_column type=\u00a0\u00bb4_4&Prime; _builder_version=\u00a0\u00bb4.19.0&Prime; _module_preset=\u00a0\u00bbdefault\u00a0\u00bb global_colors_info=\u00a0\u00bb{}\u00a0\u00bb][et_pb_text _builder_version=\u00a0\u00bb4.19.1&Prime; _dynamic_attributes=\u00a0\u00bbcontent\u00a0\u00bb _module_preset=\u00a0\u00bbdefault\u00a0\u00bb header_font=\u00a0\u00bb|||on|||||\u00a0\u00bb text_orientation=\u00a0\u00bbcenter\u00a0\u00bb custom_margin_tablet=\u00a0\u00bb\u00a0\u00bb custom_margin_phone=\u00a0\u00bb\u00a0\u00bb custom_margin_last_edited=\u00a0\u00bbon|tablet\u00a0\u00bb custom_padding=\u00a0\u00bb||||false|false\u00a0\u00bb custom_padding_tablet=\u00a0\u00bb||||false|false\u00a0\u00bb custom_padding_phone=\u00a0\u00bb||||false|false\u00a0\u00bb custom_padding_last_edited=\u00a0\u00bbon|phone\u00a0\u00bb header_font_size_tablet=\u00a0\u00bb30px\u00a0\u00bb header_font_size_phone=\u00a0\u00bb24px\u00a0\u00bb header_font_size_last_edited=\u00a0\u00bbon|phone\u00a0\u00bb global_colors_info=\u00a0\u00bb{}\u00a0\u00bb]@ET-DC@eyJkeW5hbWljIjp0cnVlLCJjb250ZW50IjoicG9zdF90aXRsZSIsInNldHRpbmdzIjp7ImJlZm9yZSI6IjxoMT4iLCJhZnRlciI6IjwvaDE+In19@[\/et_pb_text][et_pb_divider color=\u00a0\u00bb#d1d1d1&Prime; divider_weight=\u00a0\u00bb4px\u00a0\u00bb divider_weight_tablet=\u00a0\u00bb3px\u00a0\u00bb divider_weight_phone=\u00a0\u00bb3px\u00a0\u00bb divider_weight_last_edited=\u00a0\u00bbon|desktop\u00a0\u00bb _builder_version=\u00a0\u00bb4.19.1&Prime; _module_preset=\u00a0\u00bbdefault\u00a0\u00bb background_enable_color=\u00a0\u00bboff\u00a0\u00bb custom_margin=\u00a0\u00bb-5px||||false|false\u00a0\u00bb custom_margin_tablet=\u00a0\u00bb||-1em||false|false\u00a0\u00bb custom_margin_phone=\u00a0\u00bb||0em||false|false\u00a0\u00bb custom_margin_last_edited=\u00a0\u00bbon|phone\u00a0\u00bb global_colors_info=\u00a0\u00bb{}\u00a0\u00bb][\/et_pb_divider][\/et_pb_column][\/et_pb_row][et_pb_row _builder_version=\u00a0\u00bb4.19.1&Prime; _module_preset=\u00a0\u00bbdefault\u00a0\u00bb width=\u00a0\u00bb75%\u00a0\u00bb global_colors_info=\u00a0\u00bb{}\u00a0\u00bb][et_pb_column type=\u00a0\u00bb4_4&Prime; _builder_version=\u00a0\u00bb4.19.0&Prime; _module_preset=\u00a0\u00bbdefault\u00a0\u00bb global_colors_info=\u00a0\u00bb{}\u00a0\u00bb][et_pb_text module_class=\u00a0\u00bbconfidentialite\u00a0\u00bb _builder_version=\u00a0\u00bb4.19.1&Prime; _module_preset=\u00a0\u00bbdefault\u00a0\u00bb header_2_font=\u00a0\u00bb||||||||\u00a0\u00bb header_2_font_size=\u00a0\u00bb24px\u00a0\u00bb header_3_font_size=\u00a0\u00bb21px\u00a0\u00bb hover_enabled=\u00a0\u00bb0&Prime; text_font_size_tablet=\u00a0\u00bb\u00a0\u00bb text_font_size_phone=\u00a0\u00bb\u00a0\u00bb text_font_size_last_edited=\u00a0\u00bbon|phone\u00a0\u00bb header_2_font_size_tablet=\u00a0\u00bb24px\u00a0\u00bb header_2_font_size_phone=\u00a0\u00bb22px\u00a0\u00bb header_2_font_size_last_edited=\u00a0\u00bbon|phone\u00a0\u00bb header_3_font_size_tablet=\u00a0\u00bb21px\u00a0\u00bb header_3_font_size_phone=\u00a0\u00bb21px\u00a0\u00bb header_3_font_size_last_edited=\u00a0\u00bbon|phone\u00a0\u00bb custom_css_before=\u00a0\u00bblist-style-type: initial!important;\u00a0\u00bb global_colors_info=\u00a0\u00bb{}\u00a0\u00bb sticky_enabled=\u00a0\u00bb0&Prime; header_2_line_height_last_edited=\u00a0\u00bbon|phone\u00a0\u00bb header_2_line_height_phone=\u00a0\u00bb1.4em\u00a0\u00bb header_3_line_height_last_edited=\u00a0\u00bbon|phone\u00a0\u00bb header_3_line_height_phone=\u00a0\u00bb1.4em\u00a0\u00bb]<\/p>\n<h2>D\u00e9claration de confidentialit\u00e9 de Homes of England<\/h2>\n<p>Cette d\u00e9claration de confidentialit\u00e9 s\u2019applique \u00e0 l\u2019utilisation et au traitement des informations personnelles collect\u00e9es et utilis\u00e9es par Homes of England. Les expressions \u00ab Homes of England \u00bb, ou \u00ab nous \u00bb, lorsqu\u2019elles sont utilis\u00e9es ici, d\u00e9signent la soci\u00e9t\u00e9 :<span>\u00a0<\/span><strong>Homes of England Limited<\/strong>.<\/p>\n<p>Les informations personnelles sont des informations, ou toute combinaison d\u2019informations distinctes, qui pourraient \u00eatre utilis\u00e9es pour vous identifier, telles que le nom, le num\u00e9ro de t\u00e9l\u00e9phone, l\u2019adresse e-mail, l\u2019adresse postale, l\u2019adresse IP. En utilisant les site Web de Homes of England ou en nous fournissant autrement vos informations personnelles, vous acceptez la collecte, l\u2019utilisation et le partage de vos informations conform\u00e9ment \u00e0 cette d\u00e9claration.<\/p>\n<p>Veuillez lire attentivement cette d\u00e9claration de confidentialit\u00e9 et si vous avez des questions concernant cette d\u00e9claration ou l\u2019utilisation de vos donn\u00e9es personnelles, veuillez contacter le responsable de la protection des donn\u00e9es de Homes of England \u00e0<span>\u00a0<\/span><a href=\"&#x6d;a&#x69;l&#x74;&#111;&#x3a;&#99;o&#x6e;t&#x61;&#99;&#x74;&#64;&#x68;&#111;m&#x65;s&#x6f;&#102;&#x65;&#110;&#x67;&#x6c;a&#x6e;d&#x2e;&#99;&#x6f;&#109;\">&#99;&#x6f;&#110;&#x74;&#97;&#x63;&#116;&#x40;&#104;&#x6f;&#109;&#x65;&#115;&#x6f;&#102;&#x65;&#110;&#x67;&#108;&#x61;&#110;&#x64;&#46;&#x63;&#111;&#x6d;<\/a><\/p>\n<h3>Comment nous utilisons et traitons les informations personnelles<\/h3>\n<p>Nous utilisons vos informations personnelles pour vous fournir des informations sur les biens, produits ou services que vous avez express\u00e9ment accept\u00e9 de recevoir. Des exemples de ceci sont :<\/p>\n<ul>\n<li>Pour r\u00e9pondre \u00e0 vos questions ou r\u00e9pondre \u00e0 vos demandes<\/li>\n<li>Vous contacter \u00e0 propos de vos exigences d\u2019informations<\/li>\n<li>Pour vous envoyer les d\u00e9tails des produits qui correspondent \u00e0 vos besoins<\/li>\n<li>Pour vous envoyer des newsletters ou pour communiquer des informations<\/li>\n<li>Pour personnaliser votre exp\u00e9rience sur nos sites Web<\/li>\n<\/ul>\n<p>Nous utilisons ou partageons vos informations personnelles lorsqu\u2019il y a un int\u00e9r\u00eat l\u00e9gal ou l\u00e9gitime \u00e0 le faire. Des exemples de ceci sont :<\/p>\n<ul>\n<li>Prendre des photos, des plans d\u2019\u00e9tage ou un EPC d\u2019une propri\u00e9t\u00e9<\/li>\n<li>Conduite du r\u00e9f\u00e9rencement des locataires et des inventaires immobiliers<\/li>\n<li>Fourniture de services de nettoyage ou d\u2019ameublement<\/li>\n<li>Pour entretenir ou r\u00e9parer des biens<\/li>\n<li>Traitement du paiement pour les d\u00e9p\u00f4ts ou autres services<\/li>\n<li>D\u00e9livrance de mandats dans le cadre de transactions immobili\u00e8res \u00e0 d\u2019autres agents et avocats<\/li>\n<li>Prot\u00e9ger contre ou identifier d\u2019\u00e9ventuelles transactions frauduleuses<\/li>\n<li>Pour appliquer nos Termes et Conditions et g\u00e9rer autrement nos affaires<\/li>\n<\/ul>\n<p>Nous engageons des fournisseurs de services tiers \u00e0 effectuer diverses op\u00e9rations commerciales en notre nom et, ce faisant, nous pouvons partager vos informations personnelles avec eux. Des exemples de ceux-ci sont :<\/p>\n<ul>\n<li>H\u00e9berger nos sites et livrer notre courrier \u00e9lectronique ou d\u2019autres communications<\/li>\n<li>Stocker et g\u00e9rer nos donn\u00e9es<\/li>\n<li>Mener des enqu\u00eates de recherche et d\u2019exp\u00e9rience client<\/li>\n<\/ul>\n<h3>Partage d\u2019informations<\/h3>\n<p>Nous ne vendrons jamais vos informations personnelles \u00e0 des partenaires ou des soci\u00e9t\u00e9s en dehors de Homes of England. Nous ne partagerons vos informations personnelles que pour des raisons l\u00e9gitimes ou l\u00e9gales telles que d\u00e9crites dans cette d\u00e9claration.<\/p>\n<p>Lorsque nous partageons vos informations comme d\u00e9crit dans cette d\u00e9claration, nous ne partagerons que les informations personnelles requises pour ex\u00e9cuter les services que nous demandons, et nous exigeons que le fournisseur de services prot\u00e8ge ces informations de mani\u00e8re appropri\u00e9e et ne les utilise \u00e0 aucune autre fin.<\/p>\n<h3>P\u00e9riode de conservation des informations personnelles<\/h3>\n<p><span>Nous conserverons les renseignements personnels pendant la p\u00e9riode n\u00e9cessaire pour atteindre les objectifs \u00e9nonc\u00e9s dans la pr\u00e9sente d\u00e9claration de confidentialit\u00e9, \u00e0 moins qu\u2019une p\u00e9riode de conservation plus longue soit requise ou permise par la loi.<\/span><\/p>\n<h3>Vos droits<\/h3>\n<p>Dans la mesure pr\u00e9vue par la loi applicable, vous disposez de certains droits en ce qui concerne la gestion des donn\u00e9es personnelles que nous d\u00e9tenons \u00e0 votre sujet.<\/p>\n<p>Vous avez le droit de demander la rectification de vos donn\u00e9es personnelles, pour l\u2019effacement des donn\u00e9es personnelles, de s\u2019opposer et de restreindre le traitement des donn\u00e9es personnelles et la portabilit\u00e9 des donn\u00e9es. Pour exercer l\u2019un de ces droits, veuillez contacter le d\u00e9partement concern\u00e9 de Homes of England ou nous envoyer un courrier \u00e0<span>\u00a0<\/span><a href=\"&#x6d;a&#x69;&#108;t&#x6f;&#58;&#x63;&#x6f;n&#x74;&#97;c&#x74;&#64;&#x68;&#111;m&#x65;&#115;o&#x66;&#101;&#x6e;&#103;l&#x61;&#110;&#x64;&#x2e;c&#x6f;&#109;\">&#99;&#x6f;n&#116;&#x61;c&#116;&#x40;h&#111;&#x6d;e&#115;&#x6f;&#102;&#x65;&#x6e;&#103;&#x6c;&#x61;&#110;&#x64;&#46;&#99;&#x6f;m<\/a><\/p>\n<h3>Retrait du consentement<\/h3>\n<p><span>Lorsque vous avez donn\u00e9 votre consentement pour le traitement de vos donn\u00e9es personnelles ou \u00e0 des fins de marketing, vous pouvez retirer votre consentement \u00e0 tout moment. Il sera possible de retirer votre consentement selon la m\u00eame m\u00e9thode que celle qui a \u00e9t\u00e9 donn\u00e9e, que ce soit via un formulaire en ligne, une personne ou un d\u00e9partement de chez Homes of England.<\/span><\/p>\n<h3>R\u00e9clamations<\/h3>\n<p>Si vous consid\u00e9rez que nous avons trait\u00e9 des donn\u00e9es personnelles en violation de la loi applicable, veuillez nous contacter imm\u00e9diatement \u00e0\u00a0<a href=\"m&#97;&#x69;&#x6c;&#x74;o&#58;&#x63;&#x6f;&#x6e;t&#97;&#x63;&#x74;&#x40;h&#111;&#x6d;&#x65;&#x73;o&#102;&#x65;&#x6e;&#x67;l&#97;&#x6e;&#x64;&#x2e;c&#111;&#x6d;\">contact&#64;homesofengland&#46;c&#111;&#109;<\/a><\/p>\n<p>Si vous consid\u00e9rez que nous n\u2019avons pas r\u00e9ussi \u00e0 rem\u00e9dier \u00e0 cette violation, vous pouvez \u00e9galement faire une r\u00e9clamation aupr\u00e8s de la Commission nationale pour la protection des donn\u00e9es \u2013<span>\u00a0<\/span><a href=\"https:\/\/cnpd.public.lu\/fr\/support\/contact.html\" target=\"_blank\" rel=\"noopener\">https:\/\/cnpd.public.lu\/fr\/support\/contact.html<\/a><\/p>\n<p>[\/et_pb_text][\/et_pb_column][\/et_pb_row][\/et_pb_section]<\/p>\n","protected":false},"excerpt":{"rendered":"<p>D\u00e9claration de confidentialit\u00e9 de Homes of England Cette d\u00e9claration de confidentialit\u00e9 s\u2019applique \u00e0 l\u2019utilisation et au traitement des informations personnelles collect\u00e9es et utilis\u00e9es par Homes of England. Les expressions \u00ab Homes of England \u00bb, ou \u00ab nous \u00bb, lorsqu\u2019elles sont utilis\u00e9es ici, d\u00e9signent la soci\u00e9t\u00e9 :\u00a0Homes of England Limited. Les informations personnelles sont des informations, [&hellip;]<\/p>\n","protected":false},"author":1,"featured_media":0,"parent":0,"menu_order":0,"comment_status":"closed","ping_status":"closed","template":"","meta":{"_et_pb_use_builder":"on","_et_pb_old_content":"","_et_gb_content_width":"","footnotes":""},"class_list":["post-101488","page","type-page","status-publish","hentry"],"yoast_head":"<!-- This site is optimized with the Yoast SEO plugin v27.4 - https:\/\/yoast.com\/product\/yoast-seo-wordpress\/ -->\n<title>Politique de confidentialit\u00e9 - Homes of England<\/title>\n<meta name=\"robots\" content=\"index, nofollow, max-snippet:-1, max-image-preview:large, max-video-preview:-1\" \/>\n<link rel=\"canonical\" href=\"https:\/\/homesofengland.com\/fr\/politique-de-confidentialite\/\" \/>\n<meta property=\"og:locale\" content=\"fr_FR\" \/>\n<meta property=\"og:type\" content=\"article\" \/>\n<meta property=\"og:title\" content=\"Politique de confidentialit\u00e9 - Homes of England\" \/>\n<meta property=\"og:description\" content=\"D\u00e9claration de confidentialit\u00e9 de Homes of England Cette d\u00e9claration de confidentialit\u00e9 s\u2019applique \u00e0 l\u2019utilisation et au traitement des informations personnelles collect\u00e9es et utilis\u00e9es par Homes of England. Les expressions \u00ab Homes of England \u00bb, ou \u00ab nous \u00bb, lorsqu\u2019elles sont utilis\u00e9es ici, d\u00e9signent la soci\u00e9t\u00e9 :\u00a0Homes of England Limited. Les informations personnelles sont des informations, [&hellip;]\" \/>\n<meta property=\"og:url\" content=\"https:\/\/homesofengland.com\/fr\/politique-de-confidentialite\/\" \/>\n<meta property=\"og:site_name\" content=\"Homes of England\" \/>\n<meta property=\"article:modified_time\" content=\"2022-11-27T16:53:15+00:00\" \/>\n<meta name=\"twitter:card\" content=\"summary_large_image\" \/>\n<meta name=\"twitter:label1\" content=\"Dur\u00e9e de lecture estim\u00e9e\" \/>\n\t<meta name=\"twitter:data1\" content=\"6 minutes\" \/>\n<script type=\"application\/ld+json\" class=\"yoast-schema-graph\">{\"@context\":\"https:\\\/\\\/schema.org\",\"@graph\":[{\"@type\":\"WebPage\",\"@id\":\"https:\\\/\\\/homesofengland.com\\\/fr\\\/politique-de-confidentialite\\\/\",\"url\":\"https:\\\/\\\/homesofengland.com\\\/fr\\\/politique-de-confidentialite\\\/\",\"name\":\"Politique de confidentialit\u00e9 - Homes of England\",\"isPartOf\":{\"@id\":\"https:\\\/\\\/homesofengland.com\\\/#website\"},\"datePublished\":\"2022-11-15T13:32:45+00:00\",\"dateModified\":\"2022-11-27T16:53:15+00:00\",\"breadcrumb\":{\"@id\":\"https:\\\/\\\/homesofengland.com\\\/fr\\\/politique-de-confidentialite\\\/#breadcrumb\"},\"inLanguage\":\"fr-FR\",\"potentialAction\":[{\"@type\":\"ReadAction\",\"target\":[\"https:\\\/\\\/homesofengland.com\\\/fr\\\/politique-de-confidentialite\\\/\"]}]},{\"@type\":\"BreadcrumbList\",\"@id\":\"https:\\\/\\\/homesofengland.com\\\/fr\\\/politique-de-confidentialite\\\/#breadcrumb\",\"itemListElement\":[{\"@type\":\"ListItem\",\"position\":1,\"name\":\"Home\",\"item\":\"https:\\\/\\\/homesofengland.com\\\/fr\\\/\"},{\"@type\":\"ListItem\",\"position\":2,\"name\":\"Politique de confidentialit\u00e9\"}]},{\"@type\":\"WebSite\",\"@id\":\"https:\\\/\\\/homesofengland.com\\\/#website\",\"url\":\"https:\\\/\\\/homesofengland.com\\\/\",\"name\":\"Homes of England\",\"description\":\"Property Investment\",\"publisher\":{\"@id\":\"https:\\\/\\\/homesofengland.com\\\/#organization\"},\"potentialAction\":[{\"@type\":\"SearchAction\",\"target\":{\"@type\":\"EntryPoint\",\"urlTemplate\":\"https:\\\/\\\/homesofengland.com\\\/?s={search_term_string}\"},\"query-input\":{\"@type\":\"PropertyValueSpecification\",\"valueRequired\":true,\"valueName\":\"search_term_string\"}}],\"inLanguage\":\"fr-FR\"},{\"@type\":\"Organization\",\"@id\":\"https:\\\/\\\/homesofengland.com\\\/#organization\",\"name\":\"Homes of England\",\"url\":\"https:\\\/\\\/homesofengland.com\\\/\",\"logo\":{\"@type\":\"ImageObject\",\"inLanguage\":\"fr-FR\",\"@id\":\"https:\\\/\\\/homesofengland.com\\\/#\\\/schema\\\/logo\\\/image\\\/\",\"url\":\"https:\\\/\\\/homesofengland.com\\\/wp-content\\\/uploads\\\/2022\\\/11\\\/logo-homes-of-england.png\",\"contentUrl\":\"https:\\\/\\\/homesofengland.com\\\/wp-content\\\/uploads\\\/2022\\\/11\\\/logo-homes-of-england.png\",\"width\":139,\"height\":100,\"caption\":\"Homes of England\"},\"image\":{\"@id\":\"https:\\\/\\\/homesofengland.com\\\/#\\\/schema\\\/logo\\\/image\\\/\"}}]}<\/script>\n<!-- \/ Yoast SEO plugin. -->","yoast_head_json":{"title":"Politique de confidentialit\u00e9 - Homes of England","robots":{"index":"index","follow":"nofollow","max-snippet":"max-snippet:-1","max-image-preview":"max-image-preview:large","max-video-preview":"max-video-preview:-1"},"canonical":"https:\/\/homesofengland.com\/fr\/politique-de-confidentialite\/","og_locale":"fr_FR","og_type":"article","og_title":"Politique de confidentialit\u00e9 - Homes of England","og_description":"D\u00e9claration de confidentialit\u00e9 de Homes of England Cette d\u00e9claration de confidentialit\u00e9 s\u2019applique \u00e0 l\u2019utilisation et au traitement des informations personnelles collect\u00e9es et utilis\u00e9es par Homes of England. Les expressions \u00ab Homes of England \u00bb, ou \u00ab nous \u00bb, lorsqu\u2019elles sont utilis\u00e9es ici, d\u00e9signent la soci\u00e9t\u00e9 :\u00a0Homes of England Limited. Les informations personnelles sont des informations, [&hellip;]","og_url":"https:\/\/homesofengland.com\/fr\/politique-de-confidentialite\/","og_site_name":"Homes of England","article_modified_time":"2022-11-27T16:53:15+00:00","twitter_card":"summary_large_image","twitter_misc":{"Dur\u00e9e de lecture estim\u00e9e":"6 minutes"},"schema":{"@context":"https:\/\/schema.org","@graph":[{"@type":"WebPage","@id":"https:\/\/homesofengland.com\/fr\/politique-de-confidentialite\/","url":"https:\/\/homesofengland.com\/fr\/politique-de-confidentialite\/","name":"Politique de confidentialit\u00e9 - Homes of England","isPartOf":{"@id":"https:\/\/homesofengland.com\/#website"},"datePublished":"2022-11-15T13:32:45+00:00","dateModified":"2022-11-27T16:53:15+00:00","breadcrumb":{"@id":"https:\/\/homesofengland.com\/fr\/politique-de-confidentialite\/#breadcrumb"},"inLanguage":"fr-FR","potentialAction":[{"@type":"ReadAction","target":["https:\/\/homesofengland.com\/fr\/politique-de-confidentialite\/"]}]},{"@type":"BreadcrumbList","@id":"https:\/\/homesofengland.com\/fr\/politique-de-confidentialite\/#breadcrumb","itemListElement":[{"@type":"ListItem","position":1,"name":"Home","item":"https:\/\/homesofengland.com\/fr\/"},{"@type":"ListItem","position":2,"name":"Politique de confidentialit\u00e9"}]},{"@type":"WebSite","@id":"https:\/\/homesofengland.com\/#website","url":"https:\/\/homesofengland.com\/","name":"Homes of England","description":"Property Investment","publisher":{"@id":"https:\/\/homesofengland.com\/#organization"},"potentialAction":[{"@type":"SearchAction","target":{"@type":"EntryPoint","urlTemplate":"https:\/\/homesofengland.com\/?s={search_term_string}"},"query-input":{"@type":"PropertyValueSpecification","valueRequired":true,"valueName":"search_term_string"}}],"inLanguage":"fr-FR"},{"@type":"Organization","@id":"https:\/\/homesofengland.com\/#organization","name":"Homes of England","url":"https:\/\/homesofengland.com\/","logo":{"@type":"ImageObject","inLanguage":"fr-FR","@id":"https:\/\/homesofengland.com\/#\/schema\/logo\/image\/","url":"https:\/\/homesofengland.com\/wp-content\/uploads\/2022\/11\/logo-homes-of-england.png","contentUrl":"https:\/\/homesofengland.com\/wp-content\/uploads\/2022\/11\/logo-homes-of-england.png","width":139,"height":100,"caption":"Homes of England"},"image":{"@id":"https:\/\/homesofengland.com\/#\/schema\/logo\/image\/"}}]}},"_links":{"self":[{"href":"https:\/\/homesofengland.com\/fr\/wp-json\/wp\/v2\/pages\/101488","targetHints":{"allow":["GET"]}}],"collection":[{"href":"https:\/\/homesofengland.com\/fr\/wp-json\/wp\/v2\/pages"}],"about":[{"href":"https:\/\/homesofengland.com\/fr\/wp-json\/wp\/v2\/types\/page"}],"author":[{"embeddable":true,"href":"https:\/\/homesofengland.com\/fr\/wp-json\/wp\/v2\/users\/1"}],"replies":[{"embeddable":true,"href":"https:\/\/homesofengland.com\/fr\/wp-json\/wp\/v2\/comments?post=101488"}],"version-history":[{"count":0,"href":"https:\/\/homesofengland.com\/fr\/wp-json\/wp\/v2\/pages\/101488\/revisions"}],"wp:attachment":[{"href":"https:\/\/homesofengland.com\/fr\/wp-json\/wp\/v2\/media?parent=101488"}],"curies":[{"name":"wp","href":"https:\/\/api.w.org\/{rel}","templated":true}]}}