{"id":101480,"date":"2021-11-24T07:00:06","date_gmt":"2021-11-24T07:00:06","guid":{"rendered":"https:\/\/homesofengland.com\/contact-us\/"},"modified":"2025-12-23T14:32:26","modified_gmt":"2025-12-23T14:32:26","slug":"contact","status":"publish","type":"page","link":"https:\/\/homesofengland.com\/fr\/contact\/","title":{"rendered":"Contact"},"content":{"rendered":"<p>[et_pb_section fb_built=\u00a0\u00bb1&Prime; _builder_version=\u00a0\u00bb4.19.1&Prime; _module_preset=\u00a0\u00bbdefault\u00a0\u00bb background_image=\u00a0\u00bbhttps:\/\/homesofengland.com\/wp-content\/uploads\/2022\/11\/contact-us.jpg\u00a0\u00bb height=\u00a0\u00bb350px\u00a0\u00bb height_tablet=\u00a0\u00bb250px\u00a0\u00bb height_phone=\u00a0\u00bb150px\u00a0\u00bb height_last_edited=\u00a0\u00bbon|desktop\u00a0\u00bb custom_margin=\u00a0\u00bb||||false|false\u00a0\u00bb custom_padding=\u00a0\u00bb||||false|false\u00a0\u00bb background_last_edited=\u00a0\u00bbon|desktop\u00a0\u00bb global_colors_info=\u00a0\u00bb{}\u00a0\u00bb][\/et_pb_section][et_pb_section fb_built=\u00a0\u00bb1&Prime; _builder_version=\u00a0\u00bb4.19.0&Prime; _module_preset=\u00a0\u00bbdefault\u00a0\u00bb custom_margin=\u00a0\u00bb||||false|false\u00a0\u00bb custom_padding=\u00a0\u00bb||0px||false|false\u00a0\u00bb global_colors_info=\u00a0\u00bb{}\u00a0\u00bb][et_pb_row _builder_version=\u00a0\u00bb4.19.1&Prime; _module_preset=\u00a0\u00bbdefault\u00a0\u00bb width=\u00a0\u00bb75%\u00a0\u00bb custom_margin=\u00a0\u00bb-3em||-1em||false|false\u00a0\u00bb custom_margin_tablet=\u00a0\u00bb-3em||-1em||false|false\u00a0\u00bb custom_margin_phone=\u00a0\u00bb-1em||||false|false\u00a0\u00bb custom_margin_last_edited=\u00a0\u00bbon|phone\u00a0\u00bb custom_padding=\u00a0\u00bb||||false|false\u00a0\u00bb global_colors_info=\u00a0\u00bb{}\u00a0\u00bb][et_pb_column type=\u00a0\u00bb4_4&Prime; _builder_version=\u00a0\u00bb4.19.0&Prime; _module_preset=\u00a0\u00bbdefault\u00a0\u00bb global_colors_info=\u00a0\u00bb{}\u00a0\u00bb][et_pb_text _builder_version=\u00a0\u00bb4.19.1&Prime; _dynamic_attributes=\u00a0\u00bbcontent\u00a0\u00bb _module_preset=\u00a0\u00bbdefault\u00a0\u00bb header_font=\u00a0\u00bb|||on|||||\u00a0\u00bb text_orientation=\u00a0\u00bbcenter\u00a0\u00bb custom_margin_tablet=\u00a0\u00bb\u00a0\u00bb custom_margin_phone=\u00a0\u00bb\u00a0\u00bb custom_margin_last_edited=\u00a0\u00bbon|tablet\u00a0\u00bb custom_padding=\u00a0\u00bb||||false|false\u00a0\u00bb custom_padding_tablet=\u00a0\u00bb||||false|false\u00a0\u00bb custom_padding_phone=\u00a0\u00bb||||false|false\u00a0\u00bb custom_padding_last_edited=\u00a0\u00bbon|phone\u00a0\u00bb header_font_size_tablet=\u00a0\u00bb30px\u00a0\u00bb header_font_size_phone=\u00a0\u00bb24px\u00a0\u00bb header_font_size_last_edited=\u00a0\u00bbon|phone\u00a0\u00bb global_colors_info=\u00a0\u00bb{}\u00a0\u00bb]@ET-DC@eyJkeW5hbWljIjp0cnVlLCJjb250ZW50IjoicG9zdF90aXRsZSIsInNldHRpbmdzIjp7ImJlZm9yZSI6IjxoMT4iLCJhZnRlciI6IjwvaDE+In19@[\/et_pb_text][et_pb_divider color=\u00a0\u00bb#d1d1d1&Prime; divider_weight=\u00a0\u00bb4px\u00a0\u00bb divider_weight_tablet=\u00a0\u00bb3px\u00a0\u00bb divider_weight_phone=\u00a0\u00bb3px\u00a0\u00bb divider_weight_last_edited=\u00a0\u00bbon|desktop\u00a0\u00bb _builder_version=\u00a0\u00bb4.19.1&Prime; _module_preset=\u00a0\u00bbdefault\u00a0\u00bb background_enable_color=\u00a0\u00bboff\u00a0\u00bb custom_margin=\u00a0\u00bb-5px||||false|false\u00a0\u00bb custom_margin_tablet=\u00a0\u00bb||-1em||false|false\u00a0\u00bb custom_margin_phone=\u00a0\u00bb||0em||false|false\u00a0\u00bb custom_margin_last_edited=\u00a0\u00bbon|phone\u00a0\u00bb global_colors_info=\u00a0\u00bb{}\u00a0\u00bb][\/et_pb_divider][et_pb_text _builder_version=\u00a0\u00bb4.19.1&Prime; _module_preset=\u00a0\u00bbdefault\u00a0\u00bb text_orientation=\u00a0\u00bbcenter\u00a0\u00bb custom_margin=\u00a0\u00bb2em||||false|false\u00a0\u00bb custom_margin_tablet=\u00a0\u00bb2em||||false|false\u00a0\u00bb custom_margin_phone=\u00a0\u00bb1em||||false|false\u00a0\u00bb custom_margin_last_edited=\u00a0\u00bbon|phone\u00a0\u00bb text_font_size_tablet=\u00a0\u00bb\u00a0\u00bb text_font_size_phone=\u00a0\u00bb\u00a0\u00bb text_font_size_last_edited=\u00a0\u00bbon|desktop\u00a0\u00bb global_colors_info=\u00a0\u00bb{}\u00a0\u00bb]<\/p>\n<p>Si vous souhaitez discuter d&rsquo;investissement immobilier au Royaume-Uni, \u00e9crivez-nous pour nous proposer un appel t\u00e9l\u00e9phonique.<\/p>\n<p>[\/et_pb_text][\/et_pb_column][\/et_pb_row][\/et_pb_section][et_pb_section fb_built=\u00a0\u00bb1&Prime; custom_padding_last_edited=\u00a0\u00bbon|desktop\u00a0\u00bb _builder_version=\u00a0\u00bb4.19.1&Prime; _module_preset=\u00a0\u00bbdefault\u00a0\u00bb background_enable_color=\u00a0\u00bboff\u00a0\u00bb background_enable_image=\u00a0\u00bboff\u00a0\u00bb background_blend=\u00a0\u00bboverlay\u00a0\u00bb custom_margin=\u00a0\u00bb||||false|false\u00a0\u00bb custom_padding=\u00a0\u00bb1%||5%||false|false\u00a0\u00bb custom_padding_tablet=\u00a0\u00bb0%||10%||false|false\u00a0\u00bb custom_padding_phone=\u00a0\u00bb5%||15%||false|false\u00a0\u00bb locked=\u00a0\u00bboff\u00a0\u00bb global_colors_info=\u00a0\u00bb{}\u00a0\u00bb][et_pb_row column_structure=\u00a0\u00bb1_2,1_2&Prime; use_custom_gutter=\u00a0\u00bbon\u00a0\u00bb gutter_width=\u00a0\u00bb2&Prime; make_equal=\u00a0\u00bbon\u00a0\u00bb custom_padding_last_edited=\u00a0\u00bboff|tablet\u00a0\u00bb admin_label=\u00a0\u00bbRow\u00a0\u00bb _builder_version=\u00a0\u00bb4.19.1&Prime; width=\u00a0\u00bb55%\u00a0\u00bb width_tablet=\u00a0\u00bb75%\u00a0\u00bb width_phone=\u00a0\u00bb75%\u00a0\u00bb width_last_edited=\u00a0\u00bbon|phone\u00a0\u00bb custom_margin=\u00a0\u00bb||||false|false\u00a0\u00bb custom_padding=\u00a0\u00bb||||false|false\u00a0\u00bb custom_padding_phone=\u00a0\u00bb||||false|false\u00a0\u00bb border_color_all=\u00a0\u00bb#2D3258&Prime; locked=\u00a0\u00bboff\u00a0\u00bb global_colors_info=\u00a0\u00bb{}\u00a0\u00bb][et_pb_column type=\u00a0\u00bb1_2&Prime; _builder_version=\u00a0\u00bb4.19.1&Prime; background_color=\u00a0\u00bb#f9f9f9&Prime; background_enable_image=\u00a0\u00bboff\u00a0\u00bb background_blend=\u00a0\u00bboverlay\u00a0\u00bb transform_scale_linked=\u00a0\u00bboff\u00a0\u00bb custom_padding=\u00a0\u00bb2em|2em|2em|2em|true|true\u00a0\u00bb border_radii=\u00a0\u00bbon|10px|10px|10px|10px\u00a0\u00bb border_color_all=\u00a0\u00bb#F0F0F0&Prime; global_colors_info=\u00a0\u00bb{}\u00a0\u00bb][et_pb_blurb title=\u00a0\u00bbHomes of England\u00a0\u00bb use_icon=\u00a0\u00bbon\u00a0\u00bb font_icon=\u00a0\u00bb&#xe081;||divi||400&Prime; icon_color=\u00a0\u00bb#444444&Prime; icon_placement=\u00a0\u00bbleft\u00a0\u00bb image_icon_width=\u00a0\u00bb20px\u00a0\u00bb content_max_width_tablet=\u00a0\u00bb\u00a0\u00bb content_max_width_phone=\u00a0\u00bb\u00a0\u00bb content_max_width_last_edited=\u00a0\u00bbon|phone\u00a0\u00bb _builder_version=\u00a0\u00bb4.19.1&Prime; _module_preset=\u00a0\u00bbdefault\u00a0\u00bb header_level=\u00a0\u00bbh2&Prime; header_font_size=\u00a0\u00bb18px\u00a0\u00bb body_text_color=\u00a0\u00bb#2D3258&Prime; custom_margin=\u00a0\u00bb|-1em||-1em|false|true\u00a0\u00bb custom_margin_tablet=\u00a0\u00bb|-1em||-1em|false|true\u00a0\u00bb custom_margin_phone=\u00a0\u00bb|-1.5em||-1.5em|false|true\u00a0\u00bb custom_margin_last_edited=\u00a0\u00bbon|tablet\u00a0\u00bb custom_padding=\u00a0\u00bb||5%||false|false\u00a0\u00bb custom_padding_tablet=\u00a0\u00bb||0%||false|false\u00a0\u00bb custom_padding_phone=\u00a0\u00bb||0%||false|false\u00a0\u00bb custom_padding_last_edited=\u00a0\u00bbon|phone\u00a0\u00bb animation=\u00a0\u00bboff\u00a0\u00bb header_font_size_tablet=\u00a0\u00bb18px\u00a0\u00bb header_font_size_phone=\u00a0\u00bb16px\u00a0\u00bb header_font_size_last_edited=\u00a0\u00bbon|phone\u00a0\u00bb body_font_size_tablet=\u00a0\u00bb\u00a0\u00bb body_font_size_phone=\u00a0\u00bb17px\u00a0\u00bb body_font_size_last_edited=\u00a0\u00bbon|phone\u00a0\u00bb icon_font_size=\u00a0\u00bb30px\u00a0\u00bb global_colors_info=\u00a0\u00bb{}\u00a0\u00bb]<\/p>\n<p>Touthill Place, Touthill Close<br \/>Peterborough PE1 1FU<\/p>\n<p>[\/et_pb_blurb][\/et_pb_column][et_pb_column type=\u00a0\u00bb1_2&Prime; _builder_version=\u00a0\u00bb4.19.1&Prime; background_color=\u00a0\u00bb#f9f9f9&Prime; background_enable_image=\u00a0\u00bboff\u00a0\u00bb background_blend=\u00a0\u00bboverlay\u00a0\u00bb transform_scale_linked=\u00a0\u00bboff\u00a0\u00bb custom_padding=\u00a0\u00bb2em|2em|2em|2em|true|true\u00a0\u00bb border_radii=\u00a0\u00bbon|10px|10px|10px|10px\u00a0\u00bb border_color_all=\u00a0\u00bb#F0F0F0&Prime; global_colors_info=\u00a0\u00bb{}\u00a0\u00bb][et_pb_blurb use_icon=\u00a0\u00bbon\u00a0\u00bb font_icon=\u00a0\u00bb&#xe076;||divi||400&Prime; icon_color=\u00a0\u00bb#444444&Prime; icon_placement=\u00a0\u00bbleft\u00a0\u00bb image_icon_width=\u00a0\u00bb20px\u00a0\u00bb content_max_width_tablet=\u00a0\u00bb\u00a0\u00bb content_max_width_phone=\u00a0\u00bb\u00a0\u00bb content_max_width_last_edited=\u00a0\u00bbon|phone\u00a0\u00bb _builder_version=\u00a0\u00bb4.19.1&Prime; _module_preset=\u00a0\u00bbdefault\u00a0\u00bb header_level=\u00a0\u00bbh2&Prime; header_font_size=\u00a0\u00bb18px\u00a0\u00bb body_link_text_color=\u00a0\u00bb#444444&Prime; custom_margin=\u00a0\u00bb|-1em|5%|-1em|false|true\u00a0\u00bb custom_margin_tablet=\u00a0\u00bb|-1em||-1em|false|true\u00a0\u00bb custom_margin_phone=\u00a0\u00bb|-1.5em||-1.5em|false|true\u00a0\u00bb custom_margin_last_edited=\u00a0\u00bbon|desktop\u00a0\u00bb custom_padding=\u00a0\u00bb||5%||false|false\u00a0\u00bb custom_padding_tablet=\u00a0\u00bb||5%||false|false\u00a0\u00bb custom_padding_phone=\u00a0\u00bb||10%||false|false\u00a0\u00bb custom_padding_last_edited=\u00a0\u00bbon|phone\u00a0\u00bb animation=\u00a0\u00bboff\u00a0\u00bb header_font_size_tablet=\u00a0\u00bb18px\u00a0\u00bb header_font_size_phone=\u00a0\u00bb16px\u00a0\u00bb header_font_size_last_edited=\u00a0\u00bbon|phone\u00a0\u00bb body_font_size_tablet=\u00a0\u00bb\u00a0\u00bb body_font_size_phone=\u00a0\u00bb17px\u00a0\u00bb body_font_size_last_edited=\u00a0\u00bbon|phone\u00a0\u00bb icon_font_size=\u00a0\u00bb30px\u00a0\u00bb global_colors_info=\u00a0\u00bb{}\u00a0\u00bb body_link_text_color__hover_enabled=\u00a0\u00bbon|hover\u00a0\u00bb body_link_text_color__hover=\u00a0\u00bb#A0A2B4&Prime;]<\/p>\n<p><a href=\"&#x6d;a&#x69;&#108;t&#x6f;&#58;&#x63;&#111;n&#x74;&#97;&#x63;&#116;&#64;&#x68;&#111;&#x6d;&#x65;s&#x6f;&#102;e&#x6e;&#103;&#x6c;&#97;n&#x64;&#46;&#x63;&#111;m\">contact&#64;homesofengland&#46;c&#111;&#109;<\/a><\/p>\n<p>[\/et_pb_blurb][et_pb_blurb use_icon=\u00a0\u00bbon\u00a0\u00bb font_icon=\u00a0\u00bb&#xf017;||fa||400&Prime; icon_color=\u00a0\u00bb#444444&Prime; icon_placement=\u00a0\u00bbleft\u00a0\u00bb image_icon_width=\u00a0\u00bb20px\u00a0\u00bb content_max_width_tablet=\u00a0\u00bb\u00a0\u00bb content_max_width_phone=\u00a0\u00bb\u00a0\u00bb content_max_width_last_edited=\u00a0\u00bbon|phone\u00a0\u00bb _builder_version=\u00a0\u00bb4.19.1&Prime; _module_preset=\u00a0\u00bbdefault\u00a0\u00bb header_level=\u00a0\u00bbh2&Prime; header_font_size=\u00a0\u00bb18px\u00a0\u00bb body_text_color=\u00a0\u00bb#2D3258&Prime; custom_margin=\u00a0\u00bb|-1em|5%|-1em|false|true\u00a0\u00bb custom_margin_tablet=\u00a0\u00bb|-1em||-1em|false|true\u00a0\u00bb custom_margin_phone=\u00a0\u00bb|-1.5em||-1.5em|false|true\u00a0\u00bb custom_margin_last_edited=\u00a0\u00bbon|tablet\u00a0\u00bb custom_padding=\u00a0\u00bb||5%||false|false\u00a0\u00bb custom_padding_tablet=\u00a0\u00bb||0%||false|false\u00a0\u00bb custom_padding_phone=\u00a0\u00bb||0%||false|false\u00a0\u00bb custom_padding_last_edited=\u00a0\u00bbon|phone\u00a0\u00bb animation=\u00a0\u00bboff\u00a0\u00bb header_font_size_tablet=\u00a0\u00bb18px\u00a0\u00bb header_font_size_phone=\u00a0\u00bb16px\u00a0\u00bb header_font_size_last_edited=\u00a0\u00bbon|phone\u00a0\u00bb body_font_size_tablet=\u00a0\u00bb\u00a0\u00bb body_font_size_phone=\u00a0\u00bb17px\u00a0\u00bb body_font_size_last_edited=\u00a0\u00bbon|phone\u00a0\u00bb icon_font_size=\u00a0\u00bb30px\u00a0\u00bb global_colors_info=\u00a0\u00bb{}\u00a0\u00bb]<\/p>\n<p><strong>Lundi &#8211; Vendredi : 9.00 &#8211; 18.00<\/strong><br \/>Samedi &#8211; Dimanche : Ferm\u00e9<\/p>\n<p>[\/et_pb_blurb][\/et_pb_column][\/et_pb_row][\/et_pb_section]<\/p>\n","protected":false},"excerpt":{"rendered":"<p>Si vous souhaitez discuter d&rsquo;investissement immobilier au Royaume-Uni, \u00e9crivez-nous pour nous proposer un appel t\u00e9l\u00e9phonique.Touthill Place, Touthill ClosePeterborough PE1 &#x31;F&#x55;&#99;o&#x6e;&#116;&#x61;&#x63;t&#x40;&#104;o&#x6d;&#101;&#x73;&#111;f&#x65;&#110;g&#x6c;&#97;&#x6e;&#100;&#46;&#x63;&#111;&#x6d;&#x4c;u&#x6e;&#100;i &#8211; Vendredi : 9.00 &#8211; 18.00Samedi &#8211; Dimanche : Ferm\u00e9<\/p>\n","protected":false},"author":1,"featured_media":0,"parent":0,"menu_order":0,"comment_status":"closed","ping_status":"closed","template":"","meta":{"_et_pb_use_builder":"on","_et_pb_old_content":"","_et_gb_content_width":"","footnotes":""},"class_list":["post-101480","page","type-page","status-publish","hentry"],"yoast_head":"<!-- This site is optimized with the Yoast SEO plugin v27.4 - https:\/\/yoast.com\/product\/yoast-seo-wordpress\/ -->\n<title>Contact - Homes of England<\/title>\n<meta name=\"description\" content=\"Si vous souhaitez discuter d\u2019investissement immobilier au Royaume-Uni, \u00e9crivez-nous pour nous proposer un appel t\u00e9l\u00e9phonique.\" \/>\n<meta name=\"robots\" content=\"index, follow, max-snippet:-1, max-image-preview:large, max-video-preview:-1\" \/>\n<link rel=\"canonical\" href=\"https:\/\/homesofengland.com\/fr\/contact\/\" \/>\n<meta property=\"og:locale\" content=\"fr_FR\" \/>\n<meta property=\"og:type\" content=\"article\" \/>\n<meta property=\"og:title\" content=\"Contact - Homes of England\" \/>\n<meta property=\"og:description\" content=\"Si vous souhaitez discuter d\u2019investissement immobilier au Royaume-Uni, \u00e9crivez-nous pour nous proposer un appel t\u00e9l\u00e9phonique.\" \/>\n<meta property=\"og:url\" content=\"https:\/\/homesofengland.com\/fr\/contact\/\" \/>\n<meta property=\"og:site_name\" content=\"Homes of England\" \/>\n<meta property=\"article:modified_time\" content=\"2025-12-23T14:32:26+00:00\" \/>\n<meta name=\"twitter:card\" content=\"summary_large_image\" \/>\n<meta name=\"twitter:label1\" content=\"Dur\u00e9e de lecture estim\u00e9e\" \/>\n\t<meta name=\"twitter:data1\" content=\"5 minutes\" \/>\n<script type=\"application\/ld+json\" class=\"yoast-schema-graph\">{\"@context\":\"https:\\\/\\\/schema.org\",\"@graph\":[{\"@type\":\"WebPage\",\"@id\":\"https:\\\/\\\/homesofengland.com\\\/fr\\\/contact\\\/\",\"url\":\"https:\\\/\\\/homesofengland.com\\\/fr\\\/contact\\\/\",\"name\":\"Contact - Homes of England\",\"isPartOf\":{\"@id\":\"https:\\\/\\\/homesofengland.com\\\/#website\"},\"datePublished\":\"2021-11-24T07:00:06+00:00\",\"dateModified\":\"2025-12-23T14:32:26+00:00\",\"description\":\"Si vous souhaitez discuter d\u2019investissement immobilier au Royaume-Uni, \u00e9crivez-nous pour nous proposer un appel t\u00e9l\u00e9phonique.\",\"breadcrumb\":{\"@id\":\"https:\\\/\\\/homesofengland.com\\\/fr\\\/contact\\\/#breadcrumb\"},\"inLanguage\":\"fr-FR\",\"potentialAction\":[{\"@type\":\"ReadAction\",\"target\":[\"https:\\\/\\\/homesofengland.com\\\/fr\\\/contact\\\/\"]}]},{\"@type\":\"BreadcrumbList\",\"@id\":\"https:\\\/\\\/homesofengland.com\\\/fr\\\/contact\\\/#breadcrumb\",\"itemListElement\":[{\"@type\":\"ListItem\",\"position\":1,\"name\":\"Home\",\"item\":\"https:\\\/\\\/homesofengland.com\\\/fr\\\/\"},{\"@type\":\"ListItem\",\"position\":2,\"name\":\"Contact\"}]},{\"@type\":\"WebSite\",\"@id\":\"https:\\\/\\\/homesofengland.com\\\/#website\",\"url\":\"https:\\\/\\\/homesofengland.com\\\/\",\"name\":\"Homes of England\",\"description\":\"Property Investment\",\"publisher\":{\"@id\":\"https:\\\/\\\/homesofengland.com\\\/#organization\"},\"potentialAction\":[{\"@type\":\"SearchAction\",\"target\":{\"@type\":\"EntryPoint\",\"urlTemplate\":\"https:\\\/\\\/homesofengland.com\\\/?s={search_term_string}\"},\"query-input\":{\"@type\":\"PropertyValueSpecification\",\"valueRequired\":true,\"valueName\":\"search_term_string\"}}],\"inLanguage\":\"fr-FR\"},{\"@type\":\"Organization\",\"@id\":\"https:\\\/\\\/homesofengland.com\\\/#organization\",\"name\":\"Homes of England\",\"url\":\"https:\\\/\\\/homesofengland.com\\\/\",\"logo\":{\"@type\":\"ImageObject\",\"inLanguage\":\"fr-FR\",\"@id\":\"https:\\\/\\\/homesofengland.com\\\/#\\\/schema\\\/logo\\\/image\\\/\",\"url\":\"https:\\\/\\\/homesofengland.com\\\/wp-content\\\/uploads\\\/2022\\\/11\\\/logo-homes-of-england.png\",\"contentUrl\":\"https:\\\/\\\/homesofengland.com\\\/wp-content\\\/uploads\\\/2022\\\/11\\\/logo-homes-of-england.png\",\"width\":139,\"height\":100,\"caption\":\"Homes of England\"},\"image\":{\"@id\":\"https:\\\/\\\/homesofengland.com\\\/#\\\/schema\\\/logo\\\/image\\\/\"}}]}<\/script>\n<!-- \/ Yoast SEO plugin. -->","yoast_head_json":{"title":"Contact - Homes of England","description":"Si vous souhaitez discuter d\u2019investissement immobilier au Royaume-Uni, \u00e9crivez-nous pour nous proposer un appel t\u00e9l\u00e9phonique.","robots":{"index":"index","follow":"follow","max-snippet":"max-snippet:-1","max-image-preview":"max-image-preview:large","max-video-preview":"max-video-preview:-1"},"canonical":"https:\/\/homesofengland.com\/fr\/contact\/","og_locale":"fr_FR","og_type":"article","og_title":"Contact - Homes of England","og_description":"Si vous souhaitez discuter d\u2019investissement immobilier au Royaume-Uni, \u00e9crivez-nous pour nous proposer un appel t\u00e9l\u00e9phonique.","og_url":"https:\/\/homesofengland.com\/fr\/contact\/","og_site_name":"Homes of England","article_modified_time":"2025-12-23T14:32:26+00:00","twitter_card":"summary_large_image","twitter_misc":{"Dur\u00e9e de lecture estim\u00e9e":"5 minutes"},"schema":{"@context":"https:\/\/schema.org","@graph":[{"@type":"WebPage","@id":"https:\/\/homesofengland.com\/fr\/contact\/","url":"https:\/\/homesofengland.com\/fr\/contact\/","name":"Contact - Homes of England","isPartOf":{"@id":"https:\/\/homesofengland.com\/#website"},"datePublished":"2021-11-24T07:00:06+00:00","dateModified":"2025-12-23T14:32:26+00:00","description":"Si vous souhaitez discuter d\u2019investissement immobilier au Royaume-Uni, \u00e9crivez-nous pour nous proposer un appel t\u00e9l\u00e9phonique.","breadcrumb":{"@id":"https:\/\/homesofengland.com\/fr\/contact\/#breadcrumb"},"inLanguage":"fr-FR","potentialAction":[{"@type":"ReadAction","target":["https:\/\/homesofengland.com\/fr\/contact\/"]}]},{"@type":"BreadcrumbList","@id":"https:\/\/homesofengland.com\/fr\/contact\/#breadcrumb","itemListElement":[{"@type":"ListItem","position":1,"name":"Home","item":"https:\/\/homesofengland.com\/fr\/"},{"@type":"ListItem","position":2,"name":"Contact"}]},{"@type":"WebSite","@id":"https:\/\/homesofengland.com\/#website","url":"https:\/\/homesofengland.com\/","name":"Homes of England","description":"Property Investment","publisher":{"@id":"https:\/\/homesofengland.com\/#organization"},"potentialAction":[{"@type":"SearchAction","target":{"@type":"EntryPoint","urlTemplate":"https:\/\/homesofengland.com\/?s={search_term_string}"},"query-input":{"@type":"PropertyValueSpecification","valueRequired":true,"valueName":"search_term_string"}}],"inLanguage":"fr-FR"},{"@type":"Organization","@id":"https:\/\/homesofengland.com\/#organization","name":"Homes of England","url":"https:\/\/homesofengland.com\/","logo":{"@type":"ImageObject","inLanguage":"fr-FR","@id":"https:\/\/homesofengland.com\/#\/schema\/logo\/image\/","url":"https:\/\/homesofengland.com\/wp-content\/uploads\/2022\/11\/logo-homes-of-england.png","contentUrl":"https:\/\/homesofengland.com\/wp-content\/uploads\/2022\/11\/logo-homes-of-england.png","width":139,"height":100,"caption":"Homes of England"},"image":{"@id":"https:\/\/homesofengland.com\/#\/schema\/logo\/image\/"}}]}},"_links":{"self":[{"href":"https:\/\/homesofengland.com\/fr\/wp-json\/wp\/v2\/pages\/101480","targetHints":{"allow":["GET"]}}],"collection":[{"href":"https:\/\/homesofengland.com\/fr\/wp-json\/wp\/v2\/pages"}],"about":[{"href":"https:\/\/homesofengland.com\/fr\/wp-json\/wp\/v2\/types\/page"}],"author":[{"embeddable":true,"href":"https:\/\/homesofengland.com\/fr\/wp-json\/wp\/v2\/users\/1"}],"replies":[{"embeddable":true,"href":"https:\/\/homesofengland.com\/fr\/wp-json\/wp\/v2\/comments?post=101480"}],"version-history":[{"count":0,"href":"https:\/\/homesofengland.com\/fr\/wp-json\/wp\/v2\/pages\/101480\/revisions"}],"wp:attachment":[{"href":"https:\/\/homesofengland.com\/fr\/wp-json\/wp\/v2\/media?parent=101480"}],"curies":[{"name":"wp","href":"https:\/\/api.w.org\/{rel}","templated":true}]}}