{"id":101474,"date":"2022-11-09T09:35:17","date_gmt":"2022-11-09T09:35:17","guid":{"rendered":"https:\/\/homesofengland.com\/our-investors\/"},"modified":"2022-12-17T20:31:01","modified_gmt":"2022-12-17T20:31:01","slug":"nos-investisseurs","status":"publish","type":"page","link":"https:\/\/homesofengland.com\/fr\/nos-investisseurs\/","title":{"rendered":"Nos investisseurs"},"content":{"rendered":"<p>[et_pb_section fb_built=\u00a0\u00bb1&Prime; _builder_version=\u00a0\u00bb4.19.1&Prime; _module_preset=\u00a0\u00bbdefault\u00a0\u00bb background_image=\u00a0\u00bbhttps:\/\/homesofengland.com\/wp-content\/uploads\/2022\/11\/investors.jpg\u00a0\u00bb min_height_tablet=\u00a0\u00bb\u00a0\u00bb min_height_phone=\u00a0\u00bb\u00a0\u00bb min_height_last_edited=\u00a0\u00bbon|phone\u00a0\u00bb height=\u00a0\u00bb350px\u00a0\u00bb height_tablet=\u00a0\u00bb250px\u00a0\u00bb height_phone=\u00a0\u00bb150px\u00a0\u00bb height_last_edited=\u00a0\u00bbon|desktop\u00a0\u00bb custom_margin=\u00a0\u00bb||||false|false\u00a0\u00bb custom_padding=\u00a0\u00bb||||false|false\u00a0\u00bb background_last_edited=\u00a0\u00bbon|desktop\u00a0\u00bb global_colors_info=\u00a0\u00bb{}\u00a0\u00bb][\/et_pb_section][et_pb_section fb_built=\u00a0\u00bb1&Prime; _builder_version=\u00a0\u00bb4.19.1&Prime; _module_preset=\u00a0\u00bbdefault\u00a0\u00bb custom_margin=\u00a0\u00bb||||false|false\u00a0\u00bb global_colors_info=\u00a0\u00bb{}\u00a0\u00bb][et_pb_row _builder_version=\u00a0\u00bb4.19.1&Prime; _module_preset=\u00a0\u00bbdefault\u00a0\u00bb width=\u00a0\u00bb75%\u00a0\u00bb custom_margin=\u00a0\u00bb-3em||-1em||false|false\u00a0\u00bb custom_margin_tablet=\u00a0\u00bb-3em||-1em||false|false\u00a0\u00bb custom_margin_phone=\u00a0\u00bb-1em||||false|false\u00a0\u00bb custom_margin_last_edited=\u00a0\u00bbon|phone\u00a0\u00bb custom_padding=\u00a0\u00bb||||false|false\u00a0\u00bb global_colors_info=\u00a0\u00bb{}\u00a0\u00bb][et_pb_column type=\u00a0\u00bb4_4&Prime; _builder_version=\u00a0\u00bb4.19.0&Prime; _module_preset=\u00a0\u00bbdefault\u00a0\u00bb global_colors_info=\u00a0\u00bb{}\u00a0\u00bb][et_pb_text _builder_version=\u00a0\u00bb4.19.1&Prime; _dynamic_attributes=\u00a0\u00bbcontent\u00a0\u00bb _module_preset=\u00a0\u00bbdefault\u00a0\u00bb header_font=\u00a0\u00bb|||on|||||\u00a0\u00bb text_orientation=\u00a0\u00bbcenter\u00a0\u00bb custom_margin_tablet=\u00a0\u00bb\u00a0\u00bb custom_margin_phone=\u00a0\u00bb\u00a0\u00bb custom_margin_last_edited=\u00a0\u00bbon|tablet\u00a0\u00bb custom_padding=\u00a0\u00bb||||false|false\u00a0\u00bb custom_padding_tablet=\u00a0\u00bb||||false|false\u00a0\u00bb custom_padding_phone=\u00a0\u00bb||||false|false\u00a0\u00bb custom_padding_last_edited=\u00a0\u00bbon|phone\u00a0\u00bb header_font_size_tablet=\u00a0\u00bb30px\u00a0\u00bb header_font_size_phone=\u00a0\u00bb24px\u00a0\u00bb header_font_size_last_edited=\u00a0\u00bbon|phone\u00a0\u00bb global_colors_info=\u00a0\u00bb{}\u00a0\u00bb]@ET-DC@eyJkeW5hbWljIjp0cnVlLCJjb250ZW50IjoicG9zdF90aXRsZSIsInNldHRpbmdzIjp7ImJlZm9yZSI6IjxoMT4iLCJhZnRlciI6IjwvaDE+In19@[\/et_pb_text][et_pb_divider color=\u00a0\u00bb#d1d1d1&Prime; divider_weight=\u00a0\u00bb4px\u00a0\u00bb divider_weight_tablet=\u00a0\u00bb3px\u00a0\u00bb divider_weight_phone=\u00a0\u00bb3px\u00a0\u00bb divider_weight_last_edited=\u00a0\u00bbon|desktop\u00a0\u00bb _builder_version=\u00a0\u00bb4.19.1&Prime; _module_preset=\u00a0\u00bbdefault\u00a0\u00bb background_enable_color=\u00a0\u00bboff\u00a0\u00bb custom_margin=\u00a0\u00bb-5px||||false|false\u00a0\u00bb custom_margin_tablet=\u00a0\u00bb||-1em||false|false\u00a0\u00bb custom_margin_phone=\u00a0\u00bb||0em||false|false\u00a0\u00bb custom_margin_last_edited=\u00a0\u00bbon|phone\u00a0\u00bb global_colors_info=\u00a0\u00bb{}\u00a0\u00bb][\/et_pb_divider][\/et_pb_column][\/et_pb_row][\/et_pb_section][et_pb_section fb_built=\u00a0\u00bb1&Prime; _builder_version=\u00a0\u00bb4.19.1&Prime; _module_preset=\u00a0\u00bbdefault\u00a0\u00bb background_enable_color=\u00a0\u00bboff\u00a0\u00bb use_background_color_gradient=\u00a0\u00bbon\u00a0\u00bb background_color_gradient_stops=\u00a0\u00bb#ffffff 0%|#f7f7f7 100%\u00a0\u00bb custom_margin=\u00a0\u00bb-2em||||false|false\u00a0\u00bb custom_margin_tablet=\u00a0\u00bb2em||||false|false\u00a0\u00bb custom_margin_phone=\u00a0\u00bb2em||||false|false\u00a0\u00bb custom_margin_last_edited=\u00a0\u00bbon|tablet\u00a0\u00bb global_colors_info=\u00a0\u00bb{}\u00a0\u00bb][et_pb_row column_structure=\u00a0\u00bb1_2,1_2&Prime; use_custom_gutter=\u00a0\u00bbon\u00a0\u00bb gutter_width=\u00a0\u00bb4&Prime; make_equal=\u00a0\u00bbon\u00a0\u00bb custom_padding_last_edited=\u00a0\u00bboff|tablet\u00a0\u00bb admin_label=\u00a0\u00bbRow\u00a0\u00bb _builder_version=\u00a0\u00bb4.19.1&Prime; width=\u00a0\u00bb75%\u00a0\u00bb width_tablet=\u00a0\u00bb85%\u00a0\u00bb width_phone=\u00a0\u00bb100%\u00a0\u00bb width_last_edited=\u00a0\u00bbon|phone\u00a0\u00bb custom_margin=\u00a0\u00bb-3em||||false|false\u00a0\u00bb custom_margin_tablet=\u00a0\u00bb-7em||||false|false\u00a0\u00bb custom_margin_phone=\u00a0\u00bb-5em||||false|false\u00a0\u00bb custom_margin_last_edited=\u00a0\u00bbon|desktop\u00a0\u00bb custom_padding=\u00a0\u00bb|3em||3em|false|true\u00a0\u00bb custom_padding_phone=\u00a0\u00bb||||false|false\u00a0\u00bb border_color_all=\u00a0\u00bb#2D3258&Prime; locked=\u00a0\u00bboff\u00a0\u00bb global_colors_info=\u00a0\u00bb{}\u00a0\u00bb][et_pb_column type=\u00a0\u00bb1_2&Prime; _builder_version=\u00a0\u00bb4.19.1&Prime; background_enable_color=\u00a0\u00bboff\u00a0\u00bb background_enable_image=\u00a0\u00bboff\u00a0\u00bb background_blend=\u00a0\u00bboverlay\u00a0\u00bb transform_scale_linked=\u00a0\u00bboff\u00a0\u00bb border_radii=\u00a0\u00bbon|5px|5px|5px|5px\u00a0\u00bb border_color_all=\u00a0\u00bb#F0F0F0&Prime; global_colors_info=\u00a0\u00bb{}\u00a0\u00bb][et_pb_image src=\u00a0\u00bbhttps:\/\/homesofengland.com\/wp-content\/uploads\/2022\/12\/carte-blanche-web-fr.png\u00a0\u00bb alt=\u00a0\u00bbinvestisseurs particuliers\u00a0\u00bb _builder_version=\u00a0\u00bb4.19.3&Prime; _module_preset=\u00a0\u00bbdefault\u00a0\u00bb global_colors_info=\u00a0\u00bb{}\u00a0\u00bb][\/et_pb_image][\/et_pb_column][et_pb_column type=\u00a0\u00bb1_2&Prime; _builder_version=\u00a0\u00bb4.19.1&Prime; background_enable_color=\u00a0\u00bboff\u00a0\u00bb background_enable_image=\u00a0\u00bboff\u00a0\u00bb background_blend=\u00a0\u00bboverlay\u00a0\u00bb transform_scale_linked=\u00a0\u00bboff\u00a0\u00bb border_radii=\u00a0\u00bbon|5px|5px|5px|5px\u00a0\u00bb border_color_all=\u00a0\u00bb#F0F0F0&Prime; global_colors_info=\u00a0\u00bb{}\u00a0\u00bb][et_pb_image src=\u00a0\u00bbhttps:\/\/homesofengland.com\/wp-content\/uploads\/2022\/12\/carte-bleu-web-hoe-fr.png\u00a0\u00bb alt=\u00a0\u00bbInstitutions et Investisseurs \u00e0 Valeur Nette Elev\u00e9e\u00a0\u00bb _builder_version=\u00a0\u00bb4.19.2&Prime; _module_preset=\u00a0\u00bbdefault\u00a0\u00bb global_colors_info=\u00a0\u00bb{}\u00a0\u00bb][\/et_pb_image][\/et_pb_column][\/et_pb_row][\/et_pb_section][et_pb_section fb_built=\u00a0\u00bb1&Prime; custom_padding_last_edited=\u00a0\u00bbon|phone\u00a0\u00bb _builder_version=\u00a0\u00bb4.19.1&Prime; _module_preset=\u00a0\u00bbdefault\u00a0\u00bb background_color=\u00a0\u00bb#FFFFFF\u00a0\u00bb custom_margin=\u00a0\u00bb||||false|false\u00a0\u00bb custom_margin_tablet=\u00a0\u00bb||||false|false\u00a0\u00bb custom_margin_phone=\u00a0\u00bb||||false|false\u00a0\u00bb custom_margin_last_edited=\u00a0\u00bbon|desktop\u00a0\u00bb custom_padding=\u00a0\u00bb2%||5%||false|false\u00a0\u00bb custom_padding_tablet=\u00a0\u00bb5%||10%||false|false\u00a0\u00bb custom_padding_phone=\u00a0\u00bb10%||15%||false|false\u00a0\u00bb locked=\u00a0\u00bboff\u00a0\u00bb global_colors_info=\u00a0\u00bb{}\u00a0\u00bb][et_pb_row use_custom_gutter=\u00a0\u00bbon\u00a0\u00bb gutter_width=\u00a0\u00bb2&Prime; custom_padding_last_edited=\u00a0\u00bbon|tablet\u00a0\u00bb _builder_version=\u00a0\u00bb4.19.1&Prime; _module_preset=\u00a0\u00bbdefault\u00a0\u00bb width=\u00a0\u00bb64%\u00a0\u00bb custom_margin_tablet=\u00a0\u00bb\u00a0\u00bb custom_margin_phone=\u00a0\u00bb\u00a0\u00bb custom_margin_last_edited=\u00a0\u00bbon|tablet\u00a0\u00bb custom_padding_tablet=\u00a0\u00bb\u00a0\u00bb custom_padding_phone=\u00a0\u00bb\u00a0\u00bb global_colors_info=\u00a0\u00bb{}\u00a0\u00bb][et_pb_column type=\u00a0\u00bb4_4&Prime; _builder_version=\u00a0\u00bb4.19.0&Prime; _module_preset=\u00a0\u00bbdefault\u00a0\u00bb custom_padding_tablet=\u00a0\u00bb\u00a0\u00bb custom_padding_phone=\u00a0\u00bb\u00a0\u00bb custom_padding_last_edited=\u00a0\u00bbon|phone\u00a0\u00bb global_colors_info=\u00a0\u00bb{}\u00a0\u00bb][et_pb_text _builder_version=\u00a0\u00bb4.19.3&Prime; _module_preset=\u00a0\u00bbdefault\u00a0\u00bb module_alignment=\u00a0\u00bbcenter\u00a0\u00bb hover_enabled=\u00a0\u00bb0&Prime; text_font_size_tablet=\u00a0\u00bb\u00a0\u00bb text_font_size_phone=\u00a0\u00bb\u00a0\u00bb text_font_size_last_edited=\u00a0\u00bbon|desktop\u00a0\u00bb header_2_line_height_tablet=\u00a0\u00bb\u00a0\u00bb header_2_line_height_phone=\u00a0\u00bb1.4em\u00a0\u00bb header_2_line_height_last_edited=\u00a0\u00bbon|phone\u00a0\u00bb global_colors_info=\u00a0\u00bb{}\u00a0\u00bb sticky_enabled=\u00a0\u00bb0&Prime;]<\/p>\n<h2>Qui sont nos investisseurs ?<\/h2>\n<p>Nos investisseurs se situent essentiellement en Europe et aux Etats-Unis, et un nombre croissant d&rsquo;entre eux se situe au sein de la zone euro.<\/p>\n<p>Ils ont souvent investi dans l&rsquo;immobilier en direct avant de faire appel \u00e0 nous, et ont souvent trouv\u00e9 l&rsquo;investissement immobilier plus difficile et plus chronophage qu&rsquo;ils ne l&rsquo;avaient anticip\u00e9.<\/p>\n<p>Ils n&rsquo;ont plus l&rsquo;envie de g\u00e9rer des biens immobiliers eux-m\u00eame, et ont tendance \u00e0 appr\u00e9cier leur statut d&rsquo;investisseur passif. Ils appr\u00e9cient d&rsquo;investir avec nous en direct et sans interm\u00e9diaire.<\/p>\n<p>[\/et_pb_text][\/et_pb_column][\/et_pb_row][\/et_pb_section]<\/p>\n","protected":false},"excerpt":{"rendered":"<p>Qui sont nos investisseurs ? Nos investisseurs se situent essentiellement en Europe et aux Etats-Unis, et un nombre croissant d&rsquo;entre eux se situe au sein de la zone euro. Ils ont souvent investi dans l&rsquo;immobilier en direct avant de faire appel \u00e0 nous, et ont souvent trouv\u00e9 l&rsquo;investissement immobilier plus difficile et plus chronophage qu&rsquo;ils [&hellip;]<\/p>\n","protected":false},"author":1,"featured_media":0,"parent":0,"menu_order":0,"comment_status":"closed","ping_status":"closed","template":"","meta":{"_et_pb_use_builder":"on","_et_pb_old_content":"","_et_gb_content_width":"","footnotes":""},"class_list":["post-101474","page","type-page","status-publish","hentry"],"yoast_head":"<!-- This site is optimized with the Yoast SEO plugin v27.4 - https:\/\/yoast.com\/product\/yoast-seo-wordpress\/ -->\n<title>Nos investisseurs - Homes of England<\/title>\n<meta name=\"description\" content=\"Nos investisseurs se situent essentiellement en Europe et aux Etats-Unis, et un nombre croissant d\u2019entre eux se situent au sein de la zone euro.\" \/>\n<meta name=\"robots\" content=\"index, follow, max-snippet:-1, max-image-preview:large, max-video-preview:-1\" \/>\n<link rel=\"canonical\" href=\"https:\/\/homesofengland.com\/fr\/nos-investisseurs\/\" \/>\n<meta property=\"og:locale\" content=\"fr_FR\" \/>\n<meta property=\"og:type\" content=\"article\" \/>\n<meta property=\"og:title\" content=\"Nos investisseurs - Homes of England\" \/>\n<meta property=\"og:description\" content=\"Nos investisseurs se situent essentiellement en Europe et aux Etats-Unis, et un nombre croissant d\u2019entre eux se situent au sein de la zone euro.\" \/>\n<meta property=\"og:url\" content=\"https:\/\/homesofengland.com\/fr\/nos-investisseurs\/\" \/>\n<meta property=\"og:site_name\" content=\"Homes of England\" \/>\n<meta property=\"article:modified_time\" content=\"2022-12-17T20:31:01+00:00\" \/>\n<meta name=\"twitter:card\" content=\"summary_large_image\" \/>\n<meta name=\"twitter:label1\" content=\"Dur\u00e9e de lecture estim\u00e9e\" \/>\n\t<meta name=\"twitter:data1\" content=\"4 minutes\" \/>\n<script type=\"application\/ld+json\" class=\"yoast-schema-graph\">{\"@context\":\"https:\\\/\\\/schema.org\",\"@graph\":[{\"@type\":\"WebPage\",\"@id\":\"https:\\\/\\\/homesofengland.com\\\/fr\\\/nos-investisseurs\\\/\",\"url\":\"https:\\\/\\\/homesofengland.com\\\/fr\\\/nos-investisseurs\\\/\",\"name\":\"Nos investisseurs - Homes of England\",\"isPartOf\":{\"@id\":\"https:\\\/\\\/homesofengland.com\\\/#website\"},\"datePublished\":\"2022-11-09T09:35:17+00:00\",\"dateModified\":\"2022-12-17T20:31:01+00:00\",\"description\":\"Nos investisseurs se situent essentiellement en Europe et aux Etats-Unis, et un nombre croissant d\u2019entre eux se situent au sein de la zone euro.\",\"breadcrumb\":{\"@id\":\"https:\\\/\\\/homesofengland.com\\\/fr\\\/nos-investisseurs\\\/#breadcrumb\"},\"inLanguage\":\"fr-FR\",\"potentialAction\":[{\"@type\":\"ReadAction\",\"target\":[\"https:\\\/\\\/homesofengland.com\\\/fr\\\/nos-investisseurs\\\/\"]}]},{\"@type\":\"BreadcrumbList\",\"@id\":\"https:\\\/\\\/homesofengland.com\\\/fr\\\/nos-investisseurs\\\/#breadcrumb\",\"itemListElement\":[{\"@type\":\"ListItem\",\"position\":1,\"name\":\"Home\",\"item\":\"https:\\\/\\\/homesofengland.com\\\/fr\\\/\"},{\"@type\":\"ListItem\",\"position\":2,\"name\":\"Nos investisseurs\"}]},{\"@type\":\"WebSite\",\"@id\":\"https:\\\/\\\/homesofengland.com\\\/#website\",\"url\":\"https:\\\/\\\/homesofengland.com\\\/\",\"name\":\"Homes of England\",\"description\":\"Property Investment\",\"publisher\":{\"@id\":\"https:\\\/\\\/homesofengland.com\\\/#organization\"},\"potentialAction\":[{\"@type\":\"SearchAction\",\"target\":{\"@type\":\"EntryPoint\",\"urlTemplate\":\"https:\\\/\\\/homesofengland.com\\\/?s={search_term_string}\"},\"query-input\":{\"@type\":\"PropertyValueSpecification\",\"valueRequired\":true,\"valueName\":\"search_term_string\"}}],\"inLanguage\":\"fr-FR\"},{\"@type\":\"Organization\",\"@id\":\"https:\\\/\\\/homesofengland.com\\\/#organization\",\"name\":\"Homes of England\",\"url\":\"https:\\\/\\\/homesofengland.com\\\/\",\"logo\":{\"@type\":\"ImageObject\",\"inLanguage\":\"fr-FR\",\"@id\":\"https:\\\/\\\/homesofengland.com\\\/#\\\/schema\\\/logo\\\/image\\\/\",\"url\":\"https:\\\/\\\/homesofengland.com\\\/wp-content\\\/uploads\\\/2022\\\/11\\\/logo-homes-of-england.png\",\"contentUrl\":\"https:\\\/\\\/homesofengland.com\\\/wp-content\\\/uploads\\\/2022\\\/11\\\/logo-homes-of-england.png\",\"width\":139,\"height\":100,\"caption\":\"Homes of England\"},\"image\":{\"@id\":\"https:\\\/\\\/homesofengland.com\\\/#\\\/schema\\\/logo\\\/image\\\/\"}}]}<\/script>\n<!-- \/ Yoast SEO plugin. -->","yoast_head_json":{"title":"Nos investisseurs - Homes of England","description":"Nos investisseurs se situent essentiellement en Europe et aux Etats-Unis, et un nombre croissant d\u2019entre eux se situent au sein de la zone euro.","robots":{"index":"index","follow":"follow","max-snippet":"max-snippet:-1","max-image-preview":"max-image-preview:large","max-video-preview":"max-video-preview:-1"},"canonical":"https:\/\/homesofengland.com\/fr\/nos-investisseurs\/","og_locale":"fr_FR","og_type":"article","og_title":"Nos investisseurs - Homes of England","og_description":"Nos investisseurs se situent essentiellement en Europe et aux Etats-Unis, et un nombre croissant d\u2019entre eux se situent au sein de la zone euro.","og_url":"https:\/\/homesofengland.com\/fr\/nos-investisseurs\/","og_site_name":"Homes of England","article_modified_time":"2022-12-17T20:31:01+00:00","twitter_card":"summary_large_image","twitter_misc":{"Dur\u00e9e de lecture estim\u00e9e":"4 minutes"},"schema":{"@context":"https:\/\/schema.org","@graph":[{"@type":"WebPage","@id":"https:\/\/homesofengland.com\/fr\/nos-investisseurs\/","url":"https:\/\/homesofengland.com\/fr\/nos-investisseurs\/","name":"Nos investisseurs - Homes of England","isPartOf":{"@id":"https:\/\/homesofengland.com\/#website"},"datePublished":"2022-11-09T09:35:17+00:00","dateModified":"2022-12-17T20:31:01+00:00","description":"Nos investisseurs se situent essentiellement en Europe et aux Etats-Unis, et un nombre croissant d\u2019entre eux se situent au sein de la zone euro.","breadcrumb":{"@id":"https:\/\/homesofengland.com\/fr\/nos-investisseurs\/#breadcrumb"},"inLanguage":"fr-FR","potentialAction":[{"@type":"ReadAction","target":["https:\/\/homesofengland.com\/fr\/nos-investisseurs\/"]}]},{"@type":"BreadcrumbList","@id":"https:\/\/homesofengland.com\/fr\/nos-investisseurs\/#breadcrumb","itemListElement":[{"@type":"ListItem","position":1,"name":"Home","item":"https:\/\/homesofengland.com\/fr\/"},{"@type":"ListItem","position":2,"name":"Nos investisseurs"}]},{"@type":"WebSite","@id":"https:\/\/homesofengland.com\/#website","url":"https:\/\/homesofengland.com\/","name":"Homes of England","description":"Property Investment","publisher":{"@id":"https:\/\/homesofengland.com\/#organization"},"potentialAction":[{"@type":"SearchAction","target":{"@type":"EntryPoint","urlTemplate":"https:\/\/homesofengland.com\/?s={search_term_string}"},"query-input":{"@type":"PropertyValueSpecification","valueRequired":true,"valueName":"search_term_string"}}],"inLanguage":"fr-FR"},{"@type":"Organization","@id":"https:\/\/homesofengland.com\/#organization","name":"Homes of England","url":"https:\/\/homesofengland.com\/","logo":{"@type":"ImageObject","inLanguage":"fr-FR","@id":"https:\/\/homesofengland.com\/#\/schema\/logo\/image\/","url":"https:\/\/homesofengland.com\/wp-content\/uploads\/2022\/11\/logo-homes-of-england.png","contentUrl":"https:\/\/homesofengland.com\/wp-content\/uploads\/2022\/11\/logo-homes-of-england.png","width":139,"height":100,"caption":"Homes of England"},"image":{"@id":"https:\/\/homesofengland.com\/#\/schema\/logo\/image\/"}}]}},"_links":{"self":[{"href":"https:\/\/homesofengland.com\/fr\/wp-json\/wp\/v2\/pages\/101474","targetHints":{"allow":["GET"]}}],"collection":[{"href":"https:\/\/homesofengland.com\/fr\/wp-json\/wp\/v2\/pages"}],"about":[{"href":"https:\/\/homesofengland.com\/fr\/wp-json\/wp\/v2\/types\/page"}],"author":[{"embeddable":true,"href":"https:\/\/homesofengland.com\/fr\/wp-json\/wp\/v2\/users\/1"}],"replies":[{"embeddable":true,"href":"https:\/\/homesofengland.com\/fr\/wp-json\/wp\/v2\/comments?post=101474"}],"version-history":[{"count":0,"href":"https:\/\/homesofengland.com\/fr\/wp-json\/wp\/v2\/pages\/101474\/revisions"}],"wp:attachment":[{"href":"https:\/\/homesofengland.com\/fr\/wp-json\/wp\/v2\/media?parent=101474"}],"curies":[{"name":"wp","href":"https:\/\/api.w.org\/{rel}","templated":true}]}}