{"id":101466,"date":"2021-11-24T06:59:33","date_gmt":"2021-11-24T06:59:33","guid":{"rendered":"https:\/\/homesofengland.com\/about-us\/"},"modified":"2022-12-13T19:56:02","modified_gmt":"2022-12-13T19:56:02","slug":"a-propos","status":"publish","type":"page","link":"https:\/\/homesofengland.com\/fr\/a-propos\/","title":{"rendered":"A propos"},"content":{"rendered":"<p>[et_pb_section fb_built=\u00a0\u00bb1&Prime; _builder_version=\u00a0\u00bb4.19.1&Prime; _module_preset=\u00a0\u00bbdefault\u00a0\u00bb background_image=\u00a0\u00bbhttps:\/\/homesofengland.com\/wp-content\/uploads\/2022\/11\/homes-of-england-about.jpg\u00a0\u00bb background_position=\u00a0\u00bbbottom_left\u00a0\u00bb height=\u00a0\u00bb350px\u00a0\u00bb height_tablet=\u00a0\u00bb250px\u00a0\u00bb height_phone=\u00a0\u00bb150px\u00a0\u00bb height_last_edited=\u00a0\u00bbon|phone\u00a0\u00bb custom_margin=\u00a0\u00bb||||false|false\u00a0\u00bb custom_padding=\u00a0\u00bb||||false|false\u00a0\u00bb global_colors_info=\u00a0\u00bb{}\u00a0\u00bb][\/et_pb_section][et_pb_section fb_built=\u00a0\u00bb1&Prime; custom_padding_last_edited=\u00a0\u00bbon|tablet\u00a0\u00bb _builder_version=\u00a0\u00bb4.19.1&Prime; _module_preset=\u00a0\u00bbdefault\u00a0\u00bb background_color=\u00a0\u00bb#FFFFFF\u00a0\u00bb custom_margin=\u00a0\u00bb||||false|false\u00a0\u00bb custom_padding=\u00a0\u00bb||||false|false\u00a0\u00bb custom_padding_tablet=\u00a0\u00bb||10%||false|false\u00a0\u00bb custom_padding_phone=\u00a0\u00bb||15%||false|false\u00a0\u00bb locked=\u00a0\u00bboff\u00a0\u00bb global_colors_info=\u00a0\u00bb{}\u00a0\u00bb][et_pb_row _builder_version=\u00a0\u00bb4.19.1&Prime; _module_preset=\u00a0\u00bbdefault\u00a0\u00bb width=\u00a0\u00bb75%\u00a0\u00bb custom_margin=\u00a0\u00bb-3em||-1em||false|false\u00a0\u00bb custom_margin_tablet=\u00a0\u00bb-3em||-1em||false|false\u00a0\u00bb custom_margin_phone=\u00a0\u00bb-1em||||false|false\u00a0\u00bb custom_margin_last_edited=\u00a0\u00bbon|phone\u00a0\u00bb custom_padding=\u00a0\u00bb||||false|false\u00a0\u00bb global_colors_info=\u00a0\u00bb{}\u00a0\u00bb][et_pb_column type=\u00a0\u00bb4_4&Prime; _builder_version=\u00a0\u00bb4.19.0&Prime; _module_preset=\u00a0\u00bbdefault\u00a0\u00bb global_colors_info=\u00a0\u00bb{}\u00a0\u00bb][et_pb_text _builder_version=\u00a0\u00bb4.19.1&Prime; _dynamic_attributes=\u00a0\u00bbcontent\u00a0\u00bb _module_preset=\u00a0\u00bbdefault\u00a0\u00bb header_font=\u00a0\u00bb|||on|||||\u00a0\u00bb text_orientation=\u00a0\u00bbcenter\u00a0\u00bb custom_margin_tablet=\u00a0\u00bb\u00a0\u00bb custom_margin_phone=\u00a0\u00bb\u00a0\u00bb custom_margin_last_edited=\u00a0\u00bbon|tablet\u00a0\u00bb custom_padding=\u00a0\u00bb||||false|false\u00a0\u00bb custom_padding_tablet=\u00a0\u00bb||||false|false\u00a0\u00bb custom_padding_phone=\u00a0\u00bb||||false|false\u00a0\u00bb custom_padding_last_edited=\u00a0\u00bbon|phone\u00a0\u00bb header_font_size_tablet=\u00a0\u00bb30px\u00a0\u00bb header_font_size_phone=\u00a0\u00bb24px\u00a0\u00bb header_font_size_last_edited=\u00a0\u00bbon|phone\u00a0\u00bb global_colors_info=\u00a0\u00bb{}\u00a0\u00bb]@ET-DC@eyJkeW5hbWljIjp0cnVlLCJjb250ZW50IjoicG9zdF90aXRsZSIsInNldHRpbmdzIjp7ImJlZm9yZSI6IjxoMT4iLCJhZnRlciI6IjwvaDE+In19@[\/et_pb_text][et_pb_divider color=\u00a0\u00bb#d1d1d1&Prime; divider_weight=\u00a0\u00bb4px\u00a0\u00bb divider_weight_tablet=\u00a0\u00bb3px\u00a0\u00bb divider_weight_phone=\u00a0\u00bb3px\u00a0\u00bb divider_weight_last_edited=\u00a0\u00bbon|desktop\u00a0\u00bb _builder_version=\u00a0\u00bb4.19.1&Prime; _module_preset=\u00a0\u00bbdefault\u00a0\u00bb background_enable_color=\u00a0\u00bboff\u00a0\u00bb custom_margin=\u00a0\u00bb-5px||||false|false\u00a0\u00bb custom_margin_tablet=\u00a0\u00bb||-1em||false|false\u00a0\u00bb custom_margin_phone=\u00a0\u00bb||0em||false|false\u00a0\u00bb custom_margin_last_edited=\u00a0\u00bbon|phone\u00a0\u00bb global_colors_info=\u00a0\u00bb{}\u00a0\u00bb][\/et_pb_divider][\/et_pb_column][\/et_pb_row][et_pb_row use_custom_gutter=\u00a0\u00bbon\u00a0\u00bb gutter_width=\u00a0\u00bb2&Prime; _builder_version=\u00a0\u00bb4.19.1&Prime; _module_preset=\u00a0\u00bbdefault\u00a0\u00bb width=\u00a0\u00bb75%\u00a0\u00bb global_colors_info=\u00a0\u00bb{}\u00a0\u00bb][et_pb_column type=\u00a0\u00bb4_4&Prime; _builder_version=\u00a0\u00bb4.16&Prime; _module_preset=\u00a0\u00bbdefault\u00a0\u00bb global_colors_info=\u00a0\u00bb{}\u00a0\u00bb][et_pb_text _builder_version=\u00a0\u00bb4.19.2&Prime; _module_preset=\u00a0\u00bbdefault\u00a0\u00bb link_text_color=\u00a0\u00bb#444444&Prime; module_alignment=\u00a0\u00bbcenter\u00a0\u00bb hover_enabled=\u00a0\u00bb0&Prime; text_font_size_tablet=\u00a0\u00bb\u00a0\u00bb text_font_size_phone=\u00a0\u00bb\u00a0\u00bb text_font_size_last_edited=\u00a0\u00bbon|phone\u00a0\u00bb header_2_font_size_tablet=\u00a0\u00bb\u00a0\u00bb header_2_font_size_phone=\u00a0\u00bb\u00a0\u00bb header_2_font_size_last_edited=\u00a0\u00bbon|phone\u00a0\u00bb header_2_line_height_tablet=\u00a0\u00bb\u00a0\u00bb header_2_line_height_phone=\u00a0\u00bb1.4em\u00a0\u00bb header_2_line_height_last_edited=\u00a0\u00bbon|phone\u00a0\u00bb global_colors_info=\u00a0\u00bb{}\u00a0\u00bb link_text_color__hover_enabled=\u00a0\u00bbon|hover\u00a0\u00bb link_text_color__hover=\u00a0\u00bb#A0A2B4&Prime; sticky_enabled=\u00a0\u00bb0&Prime;]<\/p>\n<h2>Pourquoi avons-nous cr\u00e9\u00e9 Homes of England ?<\/h2>\n<p><strong>Homes of England<\/strong> a \u00e9t\u00e9 cr\u00e9\u00e9 en 2013 pour r\u00e9pondre \u00e0 la forte croissance de la demande en logements abordables au Royaume-Uni. D\u00e9but 2013, la conversion d&rsquo;immeubles de bureaux en immeubles r\u00e9sidentiels a \u00e9t\u00e9 autoris\u00e9e sous le r\u00e9gime du \u00ab\u00a0Permitted Development\u00a0\u00bb, permettant aux promoteurs immobiliers de convertir des immeubles de bureaux sans la n\u00e9cessit\u00e9 d&rsquo;obtenir un permis de construire.<\/p>\n<p>Nous avons saisi cette opportunit\u00e9 unique et avons construit 650 appartements entre 2013 et 2020. Nous en avons vendu 250 et conserv\u00e9 400, et nous nous sp\u00e9cialisons actuellement dans la gestion immobili\u00e8re jusqu&rsquo;\u00e0 ce que les conditions \u00e9conomiques redeviennent favorables \u00e0 la promotion immobili\u00e8re. Notre parc immobilier b\u00e9n\u00e9ficie de la cr\u00e9ation de valeur r\u00e9alis\u00e9e pendant la phase de construction, et cette cr\u00e9ation de valeur de 20% en moyenne agit d\u00e9sormais comme un matelas de s\u00e9curit\u00e9 pour nous et nos investisseurs.<\/p>\n<p>Si vous voulez en savoir plus sur notre soci\u00e9t\u00e9, <a href=\"\/fr\/contact\/\">contactez-nous<\/a> pour nous demander notre dernier rapport trimestriel. Une partie de notre \u00e9quipe est fran\u00e7aise, et si votre anglais est un peu rouill\u00e9 nous pourrons communiquer en fran\u00e7ais.<\/p>\n<p>[\/et_pb_text][\/et_pb_column][\/et_pb_row][et_pb_row use_custom_gutter=\u00a0\u00bbon\u00a0\u00bb gutter_width=\u00a0\u00bb2&Prime; _builder_version=\u00a0\u00bb4.19.1&Prime; _module_preset=\u00a0\u00bbdefault\u00a0\u00bb width=\u00a0\u00bb75%\u00a0\u00bb global_colors_info=\u00a0\u00bb{}\u00a0\u00bb][et_pb_column type=\u00a0\u00bb4_4&Prime; _builder_version=\u00a0\u00bb4.16&Prime; _module_preset=\u00a0\u00bbdefault\u00a0\u00bb global_colors_info=\u00a0\u00bb{}\u00a0\u00bb][et_pb_text _builder_version=\u00a0\u00bb4.19.1&Prime; _module_preset=\u00a0\u00bbdefault\u00a0\u00bb module_alignment=\u00a0\u00bbcenter\u00a0\u00bb text_font_size_tablet=\u00a0\u00bb\u00a0\u00bb text_font_size_phone=\u00a0\u00bb\u00a0\u00bb text_font_size_last_edited=\u00a0\u00bbon|tablet\u00a0\u00bb header_2_font_size_tablet=\u00a0\u00bb\u00a0\u00bb header_2_font_size_phone=\u00a0\u00bb\u00a0\u00bb header_2_font_size_last_edited=\u00a0\u00bbon|phone\u00a0\u00bb header_2_line_height_tablet=\u00a0\u00bb\u00a0\u00bb header_2_line_height_phone=\u00a0\u00bb1.4em\u00a0\u00bb header_2_line_height_last_edited=\u00a0\u00bbon|phone\u00a0\u00bb global_colors_info=\u00a0\u00bb{}\u00a0\u00bb]<\/p>\n<h2>Comment r\u00e9pondons-nous \u00e0 la demande en logements ?<\/h2>\n<p>Suite \u00e0 la tr\u00e8s forte mont\u00e9e des prix \u00e0 Londres, le besoin se cr\u00e9e de plus en plus pour des logements abordables. Nous r\u00e9pondons \u00e0 la demande en d\u00e9veloppant des logements dans les villes p\u00e9riph\u00e9riques de Londres, \u00e0 30-45 minutes en train du centre de Londres.<\/p>\n<p>Nous s\u00e9lectionnons nos immeubles \u00e0 proximit\u00e9 des gares et axes de transport pour offrir le meilleur prix au m\u00b2 pour une dur\u00e9e minimale de transport jusqu\u2019au centre de Londres.<\/p>\n<p>[\/et_pb_text][et_pb_text _builder_version=\u00a0\u00bb4.19.1&Prime; _module_preset=\u00a0\u00bbdefault\u00a0\u00bb link_text_color=\u00a0\u00bb#444444&Prime; global_colors_info=\u00a0\u00bb{}\u00a0\u00bb link_text_color__hover_enabled=\u00a0\u00bbon|hover\u00a0\u00bb link_text_color__hover=\u00a0\u00bb#A0A2B4&Prime;]<\/p>\n<p>Si vous souhaitez vous inscrire \u00e0 notre newsletter pour vous tenir inform\u00e9 de nos projets et de l&rsquo;actualit\u00e9 immobili\u00e8re au Royaume-Uni, <a href=\"\/fr\/newsletter\/\">cliquez ici<\/a>.<\/p>\n<p>[\/et_pb_text][\/et_pb_column][\/et_pb_row][\/et_pb_section]<\/p>\n","protected":false},"excerpt":{"rendered":"<p>Pourquoi avons-nous cr\u00e9\u00e9 Homes of England ? Homes of England a \u00e9t\u00e9 cr\u00e9\u00e9 en 2013 pour r\u00e9pondre \u00e0 la forte croissance de la demande en logements abordables au Royaume-Uni. D\u00e9but 2013, la conversion d&rsquo;immeubles de bureaux en immeubles r\u00e9sidentiels a \u00e9t\u00e9 autoris\u00e9e sous le r\u00e9gime du \u00ab\u00a0Permitted Development\u00a0\u00bb, permettant aux promoteurs immobiliers de convertir des [&hellip;]<\/p>\n","protected":false},"author":1,"featured_media":0,"parent":0,"menu_order":0,"comment_status":"closed","ping_status":"closed","template":"","meta":{"_et_pb_use_builder":"on","_et_pb_old_content":"","_et_gb_content_width":"","footnotes":""},"class_list":["post-101466","page","type-page","status-publish","hentry"],"yoast_head":"<!-- This site is optimized with the Yoast SEO plugin v27.6 - https:\/\/yoast.com\/product\/yoast-seo-wordpress\/ -->\n<title>A propos - Homes of England<\/title>\n<meta name=\"description\" content=\"Homes of England a \u00e9t\u00e9 cr\u00e9\u00e9 en 2013 pour r\u00e9pondre \u00e0 la forte croissance de la demande en logements abordables au Royaume-Uni.\" \/>\n<meta name=\"robots\" content=\"index, follow, max-snippet:-1, max-image-preview:large, max-video-preview:-1\" \/>\n<link rel=\"canonical\" href=\"https:\/\/homesofengland.com\/fr\/a-propos\/\" \/>\n<meta property=\"og:locale\" content=\"fr_FR\" \/>\n<meta property=\"og:type\" content=\"article\" \/>\n<meta property=\"og:title\" content=\"A propos - Homes of England\" \/>\n<meta property=\"og:description\" content=\"Homes of England a \u00e9t\u00e9 cr\u00e9\u00e9 en 2013 pour r\u00e9pondre \u00e0 la forte croissance de la demande en logements abordables au Royaume-Uni.\" \/>\n<meta property=\"og:url\" content=\"https:\/\/homesofengland.com\/fr\/a-propos\/\" \/>\n<meta property=\"og:site_name\" content=\"Homes of England\" \/>\n<meta property=\"article:modified_time\" content=\"2022-12-13T19:56:02+00:00\" \/>\n<meta name=\"twitter:card\" content=\"summary_large_image\" \/>\n<meta name=\"twitter:label1\" content=\"Dur\u00e9e de lecture estim\u00e9e\" \/>\n\t<meta name=\"twitter:data1\" content=\"4 minutes\" \/>\n<script type=\"application\/ld+json\" class=\"yoast-schema-graph\">{\"@context\":\"https:\\\/\\\/schema.org\",\"@graph\":[{\"@type\":\"WebPage\",\"@id\":\"https:\\\/\\\/homesofengland.com\\\/fr\\\/a-propos\\\/\",\"url\":\"https:\\\/\\\/homesofengland.com\\\/fr\\\/a-propos\\\/\",\"name\":\"A propos - Homes of England\",\"isPartOf\":{\"@id\":\"https:\\\/\\\/homesofengland.com\\\/#website\"},\"datePublished\":\"2021-11-24T06:59:33+00:00\",\"dateModified\":\"2022-12-13T19:56:02+00:00\",\"description\":\"Homes of England a \u00e9t\u00e9 cr\u00e9\u00e9 en 2013 pour r\u00e9pondre \u00e0 la forte croissance de la demande en logements abordables au Royaume-Uni.\",\"breadcrumb\":{\"@id\":\"https:\\\/\\\/homesofengland.com\\\/fr\\\/a-propos\\\/#breadcrumb\"},\"inLanguage\":\"fr-FR\",\"potentialAction\":[{\"@type\":\"ReadAction\",\"target\":[\"https:\\\/\\\/homesofengland.com\\\/fr\\\/a-propos\\\/\"]}]},{\"@type\":\"BreadcrumbList\",\"@id\":\"https:\\\/\\\/homesofengland.com\\\/fr\\\/a-propos\\\/#breadcrumb\",\"itemListElement\":[{\"@type\":\"ListItem\",\"position\":1,\"name\":\"Home\",\"item\":\"https:\\\/\\\/homesofengland.com\\\/fr\\\/\"},{\"@type\":\"ListItem\",\"position\":2,\"name\":\"A propos\"}]},{\"@type\":\"WebSite\",\"@id\":\"https:\\\/\\\/homesofengland.com\\\/#website\",\"url\":\"https:\\\/\\\/homesofengland.com\\\/\",\"name\":\"Homes of England\",\"description\":\"Property Investment\",\"publisher\":{\"@id\":\"https:\\\/\\\/homesofengland.com\\\/#organization\"},\"potentialAction\":[{\"@type\":\"SearchAction\",\"target\":{\"@type\":\"EntryPoint\",\"urlTemplate\":\"https:\\\/\\\/homesofengland.com\\\/?s={search_term_string}\"},\"query-input\":{\"@type\":\"PropertyValueSpecification\",\"valueRequired\":true,\"valueName\":\"search_term_string\"}}],\"inLanguage\":\"fr-FR\"},{\"@type\":\"Organization\",\"@id\":\"https:\\\/\\\/homesofengland.com\\\/#organization\",\"name\":\"Homes of England\",\"url\":\"https:\\\/\\\/homesofengland.com\\\/\",\"logo\":{\"@type\":\"ImageObject\",\"inLanguage\":\"fr-FR\",\"@id\":\"https:\\\/\\\/homesofengland.com\\\/#\\\/schema\\\/logo\\\/image\\\/\",\"url\":\"https:\\\/\\\/homesofengland.com\\\/wp-content\\\/uploads\\\/2022\\\/11\\\/logo-homes-of-england.png\",\"contentUrl\":\"https:\\\/\\\/homesofengland.com\\\/wp-content\\\/uploads\\\/2022\\\/11\\\/logo-homes-of-england.png\",\"width\":139,\"height\":100,\"caption\":\"Homes of England\"},\"image\":{\"@id\":\"https:\\\/\\\/homesofengland.com\\\/#\\\/schema\\\/logo\\\/image\\\/\"}}]}<\/script>\n<!-- \/ Yoast SEO plugin. -->","yoast_head_json":{"title":"A propos - Homes of England","description":"Homes of England a \u00e9t\u00e9 cr\u00e9\u00e9 en 2013 pour r\u00e9pondre \u00e0 la forte croissance de la demande en logements abordables au Royaume-Uni.","robots":{"index":"index","follow":"follow","max-snippet":"max-snippet:-1","max-image-preview":"max-image-preview:large","max-video-preview":"max-video-preview:-1"},"canonical":"https:\/\/homesofengland.com\/fr\/a-propos\/","og_locale":"fr_FR","og_type":"article","og_title":"A propos - Homes of England","og_description":"Homes of England a \u00e9t\u00e9 cr\u00e9\u00e9 en 2013 pour r\u00e9pondre \u00e0 la forte croissance de la demande en logements abordables au Royaume-Uni.","og_url":"https:\/\/homesofengland.com\/fr\/a-propos\/","og_site_name":"Homes of England","article_modified_time":"2022-12-13T19:56:02+00:00","twitter_card":"summary_large_image","twitter_misc":{"Dur\u00e9e de lecture estim\u00e9e":"4 minutes"},"schema":{"@context":"https:\/\/schema.org","@graph":[{"@type":"WebPage","@id":"https:\/\/homesofengland.com\/fr\/a-propos\/","url":"https:\/\/homesofengland.com\/fr\/a-propos\/","name":"A propos - Homes of England","isPartOf":{"@id":"https:\/\/homesofengland.com\/#website"},"datePublished":"2021-11-24T06:59:33+00:00","dateModified":"2022-12-13T19:56:02+00:00","description":"Homes of England a \u00e9t\u00e9 cr\u00e9\u00e9 en 2013 pour r\u00e9pondre \u00e0 la forte croissance de la demande en logements abordables au Royaume-Uni.","breadcrumb":{"@id":"https:\/\/homesofengland.com\/fr\/a-propos\/#breadcrumb"},"inLanguage":"fr-FR","potentialAction":[{"@type":"ReadAction","target":["https:\/\/homesofengland.com\/fr\/a-propos\/"]}]},{"@type":"BreadcrumbList","@id":"https:\/\/homesofengland.com\/fr\/a-propos\/#breadcrumb","itemListElement":[{"@type":"ListItem","position":1,"name":"Home","item":"https:\/\/homesofengland.com\/fr\/"},{"@type":"ListItem","position":2,"name":"A propos"}]},{"@type":"WebSite","@id":"https:\/\/homesofengland.com\/#website","url":"https:\/\/homesofengland.com\/","name":"Homes of England","description":"Property Investment","publisher":{"@id":"https:\/\/homesofengland.com\/#organization"},"potentialAction":[{"@type":"SearchAction","target":{"@type":"EntryPoint","urlTemplate":"https:\/\/homesofengland.com\/?s={search_term_string}"},"query-input":{"@type":"PropertyValueSpecification","valueRequired":true,"valueName":"search_term_string"}}],"inLanguage":"fr-FR"},{"@type":"Organization","@id":"https:\/\/homesofengland.com\/#organization","name":"Homes of England","url":"https:\/\/homesofengland.com\/","logo":{"@type":"ImageObject","inLanguage":"fr-FR","@id":"https:\/\/homesofengland.com\/#\/schema\/logo\/image\/","url":"https:\/\/homesofengland.com\/wp-content\/uploads\/2022\/11\/logo-homes-of-england.png","contentUrl":"https:\/\/homesofengland.com\/wp-content\/uploads\/2022\/11\/logo-homes-of-england.png","width":139,"height":100,"caption":"Homes of England"},"image":{"@id":"https:\/\/homesofengland.com\/#\/schema\/logo\/image\/"}}]}},"_links":{"self":[{"href":"https:\/\/homesofengland.com\/fr\/wp-json\/wp\/v2\/pages\/101466","targetHints":{"allow":["GET"]}}],"collection":[{"href":"https:\/\/homesofengland.com\/fr\/wp-json\/wp\/v2\/pages"}],"about":[{"href":"https:\/\/homesofengland.com\/fr\/wp-json\/wp\/v2\/types\/page"}],"author":[{"embeddable":true,"href":"https:\/\/homesofengland.com\/fr\/wp-json\/wp\/v2\/users\/1"}],"replies":[{"embeddable":true,"href":"https:\/\/homesofengland.com\/fr\/wp-json\/wp\/v2\/comments?post=101466"}],"version-history":[{"count":0,"href":"https:\/\/homesofengland.com\/fr\/wp-json\/wp\/v2\/pages\/101466\/revisions"}],"wp:attachment":[{"href":"https:\/\/homesofengland.com\/fr\/wp-json\/wp\/v2\/media?parent=101466"}],"curies":[{"name":"wp","href":"https:\/\/api.w.org\/{rel}","templated":true}]}}